{"id":1225,"date":"2018-06-21T12:32:56","date_gmt":"2018-06-21T12:32:56","guid":{"rendered":"http:\/\/vkdszsz.hu\/?page_id=1225"},"modified":"2018-06-21T12:44:42","modified_gmt":"2018-06-21T12:44:42","slug":"hogyan-alakitsunk-szakszervezetet","status":"publish","type":"page","link":"https:\/\/vkdszsz.hu\/?page_id=1225","title":{"rendered":"Hogyan alak\u00edtsunk szakszervezetet?"},"content":{"rendered":"<p><a href=\"https:\/\/vkdszsz.hu\/wp-content\/uploads\/2018\/06\/07-szaksz_OPT.pdf\">Hogyan alak\u00edtsunk szakszervezetet t\u00e1j\u00e9koztat\u00f3 let\u00f6lt\u00e9se.<\/a><\/p>\n<p><a href=\"https:\/\/vkdszsz.hu\/wp-content\/uploads\/2018\/06\/Alapszab\u00e1ly-Szakszervezet-MINTA.doc\">Alapszab\u00e1ly Szakszervezet MINTA<\/a><\/p>\n<p><a href=\"https:\/\/vkdszsz.hu\/wp-content\/uploads\/2018\/06\/Bel\u00e9p\u00e9si-Nyilatkozat-VKDSZ-MINTA.docx\">Bel\u00e9p\u00e9si Nyilatkozat VKDSZ MINTA<\/a><\/p>\n<p><a href=\"https:\/\/vkdszsz.hu\/wp-content\/uploads\/2018\/06\/Jelenl\u00e9ti-\u00edv-alakul\u00f3-Szaksz-MINTA.docx\">Jelenl\u00e9ti \u00edv alakul\u00f3 Szakszervezet MINTA<\/a><\/p>\n<p><a href=\"https:\/\/vkdszsz.hu\/wp-content\/uploads\/2018\/06\/JkvSzakszervezet-alakul\u00f3MINTA.doc\">Jegyz\u0151k\u00f6nyv Szakszervezet alakul\u00f3 MINTA<\/a><\/p>\n<p><a href=\"https:\/\/vkdszsz.hu\/wp-content\/uploads\/2018\/06\/OBHGEPI_pk_101\u00fcres.pdf\">Egyes\u00fclet nyilv\u00e1ntart\u00e1sba v\u00e9tele ir\u00e1nti k\u00e9relem<\/a><\/p>\n<p><a href=\"https:\/\/vkdszsz.hu\/wp-content\/uploads\/2018\/06\/tisztsegelfogado_nyil.gazdvMINTA.odt\">Tiszts\u00e9gelfogad\u00f3 nyilatkozat MINTA<\/a><\/p>\n","protected":false},"excerpt":{"rendered":"<p>Hogyan alak\u00edtsunk szakszervezetet t\u00e1j\u00e9koztat\u00f3 let\u00f6lt\u00e9se. Alapszab\u00e1ly Szakszervezet MINTA Bel\u00e9p\u00e9si Nyilatkozat VKDSZ MINTA Jelenl\u00e9ti \u00edv alakul\u00f3 Szakszervezet MINTA Jegyz\u0151k\u00f6nyv Szakszervezet alakul\u00f3 MINTA Egyes\u00fclet nyilv\u00e1ntart\u00e1sba v\u00e9tele ir\u00e1nti k\u00e9relem Tiszts\u00e9gelfogad\u00f3 nyilatkozat MINTA<\/p>\n","protected":false},"author":1,"featured_media":0,"parent":0,"menu_order":0,"comment_status":"closed","ping_status":"closed","template":"","meta":{"footnotes":""},"class_list":["post-1225","page","type-page","status-publish","hentry"],"_links":{"self":[{"href":"https:\/\/vkdszsz.hu\/index.php?rest_route=\/wp\/v2\/pages\/1225","targetHints":{"allow":["GET"]}}],"collection":[{"href":"https:\/\/vkdszsz.hu\/index.php?rest_route=\/wp\/v2\/pages"}],"about":[{"href":"https:\/\/vkdszsz.hu\/index.php?rest_route=\/wp\/v2\/types\/page"}],"author":[{"embeddable":true,"href":"https:\/\/vkdszsz.hu\/index.php?rest_route=\/wp\/v2\/users\/1"}],"replies":[{"embeddable":true,"href":"https:\/\/vkdszsz.hu\/index.php?rest_route=%2Fwp%2Fv2%2Fcomments&post=1225"}],"version-history":[{"count":6,"href":"https:\/\/vkdszsz.hu\/index.php?rest_route=\/wp\/v2\/pages\/1225\/revisions"}],"predecessor-version":[{"id":1239,"href":"https:\/\/vkdszsz.hu\/index.php?rest_route=\/wp\/v2\/pages\/1225\/revisions\/1239"}],"wp:attachment":[{"href":"https:\/\/vkdszsz.hu\/index.php?rest_route=%2Fwp%2Fv2%2Fmedia&parent=1225"}],"curies":[{"name":"wp","href":"https:\/\/api.w.org\/{rel}","templated":true}]}}