{"id":1438,"date":"2019-05-02T13:59:33","date_gmt":"2019-05-02T13:59:33","guid":{"rendered":"http:\/\/vkdszsz.hu\/?page_id=1438"},"modified":"2026-04-21T10:38:48","modified_gmt":"2026-04-21T10:38:48","slug":"felugyelo-bizottsag","status":"publish","type":"page","link":"https:\/\/vkdszsz.hu\/?page_id=1438","title":{"rendered":"FEL\u00dcGYEL\u0150 BIZOTTS\u00c1G"},"content":{"rendered":"<p>&nbsp;<\/p>\n<table class=\"c_elerhetoseg\" style=\"width: 100%;\">\n<tbody>\n<tr>\n<th>Beoszt\u00e1s<\/th>\n<th>N\u00e9v<\/th>\n<th>Telefon<\/th>\n<th>email c\u00edm<\/th>\n<\/tr>\n<tr>\n<td>Eln\u00f6k:<\/td>\n<td>Orosz J\u00f3zsef Zsolt<\/td>\n<td><span data-olk-copy-source=\"MessageBody\">70-684 7670<\/span><\/td>\n<td><a title=\"mailto:Orosz.Jozsef.Zsolt@ervzrt.hu\" href=\"mailto:Orosz.Jozsef.Zsolt@ervzrt.hu\" data-linkindex=\"4\" data-olk-copy-source=\"MessageBody\">Orosz.Jozsef.Zsolt@ervzrt.hu<\/a><\/td>\n<\/tr>\n<tr>\n<td>Tag:<\/td>\n<td>Csisz\u00e1r J\u00e1nos<\/td>\n<td><span data-olk-copy-source=\"MessageBody\">20-3649 942<\/span><\/td>\n<td>\u00a0<a title=\"mailto:csiszi1209@gmail.com\" href=\"mailto:csiszi1209@gmail.com\" data-linkindex=\"6\">csiszi1209@gmail.com<\/a><\/td>\n<\/tr>\n<tr>\n<td>Tag:<\/td>\n<td><span data-olk-copy-source=\"MessageBody\">Hal\u00e1sz Istv\u00e1n<\/span><\/td>\n<td><span data-olk-copy-source=\"MessageBody\">30-5666 663<\/span><\/td>\n<td><a title=\"mailto:halasz.istvan@edvrt.hu\" href=\"mailto:halasz.istvan@edvrt.hu\" data-linkindex=\"5\" data-olk-copy-source=\"MessageBody\">halasz.istvan@edvrt.hu<\/a><\/td>\n<\/tr>\n<tr>\n<td><\/td>\n<td><\/td>\n<td><\/td>\n<td><\/td>\n<\/tr>\n<tr>\n<td><\/td>\n<td><\/td>\n<td><\/td>\n<td><\/td>\n<\/tr>\n<tr>\n<td><\/td>\n<td><\/td>\n<td><\/td>\n<td><\/td>\n<\/tr>\n<tr>\n<td><\/td>\n<td><\/td>\n<td><\/td>\n<td><\/td>\n<\/tr>\n<tr>\n<td><\/td>\n<td><\/td>\n<td><\/td>\n<td><\/td>\n<\/tr>\n<tr>\n<td><\/td>\n<td><\/td>\n<td><\/td>\n<td><\/td>\n<\/tr>\n<tr>\n<td><\/td>\n<td><\/td>\n<td><\/td>\n<td><\/td>\n<\/tr>\n<tr>\n<td><\/td>\n<td><\/td>\n<td><\/td>\n<td><\/td>\n<\/tr>\n<\/tbody>\n<\/table>\n","protected":false},"excerpt":{"rendered":"<p>&nbsp; Beoszt\u00e1s N\u00e9v Telefon email c\u00edm Eln\u00f6k: Orosz J\u00f3zsef Zsolt 70-684 7670 Orosz.Jozsef.Zsolt@ervzrt.hu Tag: Csisz\u00e1r J\u00e1nos 20-3649 942 \u00a0csiszi1209@gmail.com Tag: Hal\u00e1sz Istv\u00e1n 30-5666 663 halasz.istvan@edvrt.hu<\/p>\n","protected":false},"author":1,"featured_media":0,"parent":0,"menu_order":0,"comment_status":"closed","ping_status":"closed","template":"","meta":{"footnotes":""},"class_list":["post-1438","page","type-page","status-publish","hentry"],"_links":{"self":[{"href":"https:\/\/vkdszsz.hu\/index.php?rest_route=\/wp\/v2\/pages\/1438","targetHints":{"allow":["GET"]}}],"collection":[{"href":"https:\/\/vkdszsz.hu\/index.php?rest_route=\/wp\/v2\/pages"}],"about":[{"href":"https:\/\/vkdszsz.hu\/index.php?rest_route=\/wp\/v2\/types\/page"}],"author":[{"embeddable":true,"href":"https:\/\/vkdszsz.hu\/index.php?rest_route=\/wp\/v2\/users\/1"}],"replies":[{"embeddable":true,"href":"https:\/\/vkdszsz.hu\/index.php?rest_route=%2Fwp%2Fv2%2Fcomments&post=1438"}],"version-history":[{"count":7,"href":"https:\/\/vkdszsz.hu\/index.php?rest_route=\/wp\/v2\/pages\/1438\/revisions"}],"predecessor-version":[{"id":2262,"href":"https:\/\/vkdszsz.hu\/index.php?rest_route=\/wp\/v2\/pages\/1438\/revisions\/2262"}],"wp:attachment":[{"href":"https:\/\/vkdszsz.hu\/index.php?rest_route=%2Fwp%2Fv2%2Fmedia&parent=1438"}],"curies":[{"name":"wp","href":"https:\/\/api.w.org\/{rel}","templated":true}]}}