{"id":150,"date":"2018-06-12T08:12:00","date_gmt":"2018-06-12T08:12:00","guid":{"rendered":"http:\/\/vkdszsz.hu\/?page_id=150"},"modified":"2018-06-13T07:25:21","modified_gmt":"2018-06-13T07:25:21","slug":"a-szovetseg-programja","status":"publish","type":"page","link":"https:\/\/vkdszsz.hu\/?page_id=150","title":{"rendered":"A Sz\u00f6vets\u00e9g programja"},"content":{"rendered":"<p><a href=\"https:\/\/vkdszsz.hu\/wp-content\/uploads\/2018\/06\/A-VKDSZ-Kongrsszusi-Programja-2014-2019.pdf\">A VKDSZ Kongrsszusi Programja 2014-2019<\/a><\/p>\n<h1 style=\"text-align: center;\"><strong>A V\u00edz\u00fcgyi K\u00f6zszolg\u00e1ltat\u00e1si Dolgoz\u00f3k Szakszervezeti Sz\u00f6vets\u00e9ge<\/strong><strong><br \/>\nVIII. kongresszusa<br \/>\n\u00c1LL\u00c1SFOGLAL\u00c1SA<\/strong><\/h1>\n<p>&nbsp;<\/p>\n<p style=\"text-align: justify;\">Az iv\u00f3v\u00edz-ell\u00e1t\u00e1sban, szennyv\u00edz-elvezet\u00e9s \u00e9s \u2013tiszt\u00edt\u00e1sban, valamint a f\u00fcrd\u0151szolg\u00e1ltat\u00e1sban dolgoz\u00f3 munkav\u00e1llal\u00f3k \u00e9rdekeit k\u00e9pvisel\u0151- ezen \u00e1gazatokban reprezentat\u00edv &#8211; V\u00edz\u00fcgyi K\u00f6zszolg\u00e1ltat\u00e1si Dolgoz\u00f3k Szakszervezeti Sz\u00f6vets\u00e9ge 2009. m\u00e1rcius 26-\u00e1n tartotta VIII. kongresszus\u00e1t Kecskem\u00e9ten.<\/p>\n<p>A kongresszus a k\u00f6vetkez\u0151 \u00c1ll\u00e1sfoglal\u00e1st tette:<\/p>\n<ol style=\"text-align: justify;\">\n<li>A Sz\u00f6vets\u00e9g felh\u00edvja a d\u00f6nt\u00e9shoz\u00f3\u00a0<strong>Orsz\u00e1ggy\u0171l\u00e9s<\/strong>figyelm\u00e9t arra, hogy a t\u00f6bbi k\u00f6zm\u0171-szolg\u00e1ltat\u00e1shoz \/villamos-energia, g\u00e1z, stb.\/ &#8211; hasonl\u00f3an\u00a0<strong>s\u00fcrg\u0151sen alkossa meg a Vizik\u00f6zm\u0171-t\u00f6rv\u00e9nyt<\/strong>. A t\u00f6rv\u00e9ny elfogad\u00e1sa \u00e9vek \u00f3ta h\u00faz\u00f3dik. A t\u00f6rv\u00e9ny hi\u00e1nya sz\u00e1mos probl\u00e9m\u00e1t okoz az iv\u00f3v\u00edz-ell\u00e1t\u00e1sban, a szennyv\u00edz-elvezet\u00e9sben \u00e9s \u2013tiszt\u00edt\u00e1sban, valamint a szolg\u00e1ltat\u00e1st ig\u00e9nybe vev\u0151 lakoss\u00e1g k\u00f6r\u00e9ben.<\/li>\n<li>A kongresszus sz\u00fcks\u00e9gesnek tartja, hogy az\u00a0<strong>eg\u00e9szs\u00e9g\u00fcgyi reform folyamat\u00e1ban<\/strong>\u2013 k\u00fcl\u00f6n\u00f6s tekintettel az eg\u00e9szs\u00e9gbiztos\u00edt\u00e1sra \u2013 a term\u00e9szetes gy\u00f3gy\u00edt\u00e1s keret\u00e9n bel\u00fcl Magyarorsz\u00e1g hidrogeol\u00f3giai adotts\u00e1gaival \u00f6sszhangban,- kihaszn\u00e1lva a vil\u00e1gviszonylatban kiemelked\u0151 term\u00e1l \u00e1sv\u00e1nyv\u00edz-kincs\u00fcnk lehet\u0151s\u00e9geit &#8211;\u00a0<strong>a gy\u00f3gyf\u00fcrd\u0151-szolg\u00e1ltat\u00e1s jelent\u0151s\u00e9ge n\u00f6vekedjen<\/strong>.<\/li>\n<li>A V\u00edz\u00fcgyi K\u00f6zszolg\u00e1ltat\u00e1si Dolgoz\u00f3k Szakszervezeti Sz\u00f6vets\u00e9ge<br \/>\n&#8211;\u00a0<strong>a p\u00e9nz\u00fcgyi \u00e9s gazdas\u00e1gi v\u00e1ls\u00e1g s\u00fcrg\u0151s \u00e9s \u00e9rdemi kezel\u00e9s\u00e9t v\u00e1rja el a korm\u00e1nyt\u00f3l<\/strong>, mely sor\u00e1n els\u0151dleges szempont a jelenlegi foglalkoztat\u00e1si sz\u00ednvonal b\u0151v\u00edt\u00e9se legyen,<br \/>\n&#8211; a v\u00e1ls\u00e1g kezel\u00e9s\u00e9vel \u00f6sszef\u00fcgg\u00e9sben a t\u00e1rsadalom sz\u00e1m\u00e1ra elemz\u00e9seken alapul\u00f3\u00a0<strong>ar\u00e1nyos k\u00f6ztehervisel\u00e9st\u00a0<\/strong>tud elfogadni,<br \/>\n&#8211; az Auton\u00f3m Szakszervezetek Sz\u00f6vets\u00e9g\u00e9nek tagjak\u00e9nt\u00a0<strong>t\u00e1mogatja az O\u00c9T munkav\u00e1llal\u00f3i oldal\u00e1n<\/strong>az orsz\u00e1gos konf\u00f6der\u00e1ci\u00f3k \u00e1ltal\u00a0<strong>kialak\u00edtott \u00e1ll\u00e1sfoglal\u00e1st<\/strong>,<br \/>\n&#8211; az Auton\u00f3m Szakszervezetek Sz\u00f6vets\u00e9ge \u00e1ltal meghirdetett\u00a0<strong>tiltakoz\u00f3 akci\u00f3kban, demonstr\u00e1ci\u00f3kon<\/strong>\u00a0a Sz\u00f6vets\u00e9g tagszervezetei r\u00e9szt vesznek.<\/li>\n<\/ol>\n<p>Kecskem\u00e9t, 2009. m\u00e1rcius 26.<\/p>\n","protected":false},"excerpt":{"rendered":"<p>A VKDSZ Kongrsszusi Programja 2014-2019 A V\u00edz\u00fcgyi K\u00f6zszolg\u00e1ltat\u00e1si Dolgoz\u00f3k Szakszervezeti Sz\u00f6vets\u00e9ge VIII. kongresszusa \u00c1LL\u00c1SFOGLAL\u00c1SA &nbsp; Az iv\u00f3v\u00edz-ell\u00e1t\u00e1sban, szennyv\u00edz-elvezet\u00e9s \u00e9s \u2013tiszt\u00edt\u00e1sban, valamint a f\u00fcrd\u0151szolg\u00e1ltat\u00e1sban dolgoz\u00f3 munkav\u00e1llal\u00f3k \u00e9rdekeit k\u00e9pvisel\u0151- ezen \u00e1gazatokban reprezentat\u00edv &#8211; V\u00edz\u00fcgyi K\u00f6zszolg\u00e1ltat\u00e1si Dolgoz\u00f3k Szakszervezeti Sz\u00f6vets\u00e9ge 2009. m\u00e1rcius 26-\u00e1n tartotta VIII. kongresszus\u00e1t Kecskem\u00e9ten. A kongresszus a k\u00f6vetkez\u0151 \u00c1ll\u00e1sfoglal\u00e1st tette: A Sz\u00f6vets\u00e9g felh\u00edvja a d\u00f6nt\u00e9shoz\u00f3\u00a0Orsz\u00e1ggy\u0171l\u00e9sfigyelm\u00e9t arra,&#8230;<\/p>\n","protected":false},"author":1,"featured_media":0,"parent":0,"menu_order":0,"comment_status":"closed","ping_status":"closed","template":"","meta":{"footnotes":""},"class_list":["post-150","page","type-page","status-publish","hentry"],"_links":{"self":[{"href":"https:\/\/vkdszsz.hu\/index.php?rest_route=\/wp\/v2\/pages\/150","targetHints":{"allow":["GET"]}}],"collection":[{"href":"https:\/\/vkdszsz.hu\/index.php?rest_route=\/wp\/v2\/pages"}],"about":[{"href":"https:\/\/vkdszsz.hu\/index.php?rest_route=\/wp\/v2\/types\/page"}],"author":[{"embeddable":true,"href":"https:\/\/vkdszsz.hu\/index.php?rest_route=\/wp\/v2\/users\/1"}],"replies":[{"embeddable":true,"href":"https:\/\/vkdszsz.hu\/index.php?rest_route=%2Fwp%2Fv2%2Fcomments&post=150"}],"version-history":[{"count":5,"href":"https:\/\/vkdszsz.hu\/index.php?rest_route=\/wp\/v2\/pages\/150\/revisions"}],"predecessor-version":[{"id":248,"href":"https:\/\/vkdszsz.hu\/index.php?rest_route=\/wp\/v2\/pages\/150\/revisions\/248"}],"wp:attachment":[{"href":"https:\/\/vkdszsz.hu\/index.php?rest_route=%2Fwp%2Fv2%2Fmedia&parent=150"}],"curies":[{"name":"wp","href":"https:\/\/api.w.org\/{rel}","templated":true}]}}