{"id":152,"date":"2018-06-12T08:12:16","date_gmt":"2018-06-12T08:12:16","guid":{"rendered":"http:\/\/vkdszsz.hu\/?page_id=152"},"modified":"2019-05-10T08:45:13","modified_gmt":"2019-05-10T08:45:13","slug":"alapdokumentumok","status":"publish","type":"page","link":"https:\/\/vkdszsz.hu\/?page_id=152","title":{"rendered":"Alapdokumentumok"},"content":{"rendered":"<p><strong>Az al\u00e1bbiakban let\u00f6lthet\u0151 alapdokumentumok:<\/strong><\/p>\n<p><a href=\"https:\/\/vkdszsz.hu\/wp-content\/uploads\/2018\/06\/ASZ_2016.pdf\"><i class=\"fas fa-file-pdf\" style=\"font-size: 1.5em; color: orangered; margin-right: 10px;\"><\/i>Alapszab\u00e1ly<\/a><\/p>\n<p><a href=\"https:\/\/vkdszsz.hu\/wp-content\/uploads\/2018\/06\/szamviteli.pdf\"><i class=\"fas fa-file-pdf\" style=\"font-size: 1.5em; color: orangered; margin-right: 10px;\"><\/i>Sz\u00e1mviteli besz\u00e1mol\u00f3 2012<\/a><\/p>\n<p><a href=\"https:\/\/vkdszsz.hu\/wp-content\/uploads\/2018\/06\/alairas.jpg\"><i class=\"fas fa-file-image\" style=\"font-size: 1.5em; color: cadetblue; margin-right: 10px;\"><\/i>Sz\u00e1mviteli besz\u00e1mol\u00f3 2012 al\u00e1\u00edrva<\/a><\/p>\n<p><a href=\"https:\/\/vkdszsz.hu\/wp-content\/uploads\/2018\/06\/2014_merleg.pdf\"><i class=\"fas fa-file-pdf\" style=\"font-size: 1.5em; color: orangered; margin-right: 10px;\"><\/i>Sz\u00e1mviteli besz\u00e1mol\u00f3 2014<\/a><\/p>\n<p><a href=\"https:\/\/vkdszsz.hu\/wp-content\/uploads\/2018\/06\/merleg2016.pdf\"><i class=\"fas fa-file-pdf\" style=\"font-size: 1.5em; color: orangered; margin-right: 10px;\"><\/i>Sz\u00e1mviteli besz\u00e1mol\u00f3 2015<\/a><\/p>\n<p><a href=\"https:\/\/vkdszsz.hu\/wp-content\/uploads\/2018\/06\/Sz\u00e1mviteli-besz\u00e1mol\u00f3-20161.pdf\"><i class=\"fas fa-file-pdf\" style=\"font-size: 1.5em; color: orangered; margin-right: 10px;\"><\/i>Sz\u00e1mviteli besz\u00e1mol\u00f3 2016<\/a><\/p>\n<p><a href=\"https:\/\/vkdszsz.hu\/wp-content\/uploads\/2018\/06\/Sz\u00e1mviteli-besz\u00e1mol\u00f3-VKDSZ-Alap\u00edtv\u00e1ny-2016.pdf\"><i class=\"fas fa-file-pdf\" style=\"font-size: 1.5em; color: orangered; margin-right: 10px;\"><\/i>Alap\u00edtv\u00e1ny sz\u00e1mviteli besz\u00e1mol\u00f3 2016<\/a><\/p>\n<p><a href=\"https:\/\/vkdszsz.hu\/wp-content\/uploads\/2019\/05\/OBHGEPI_PK_342_V\u00cdZ\u00dcGYI_K\u00d6ZSZOLG\u00c1LTAT\u00c1SI_DOLGOZ\u00d3K_SZAKSZERVEZETI_SZ\u00d6VETS\u00c9GE_1527180581238.pdf\">Sz\u00e1mviteli besz\u00e1mol\u00f3 2017<\/a><\/p>\n<p><a href=\"https:\/\/vkdszsz.hu\/wp-content\/uploads\/2019\/05\/OBHGEPI_PK_442_V\u00cdZ\u00dcGYI_K\u00d6ZSZOLG\u00c1LTAT\u00c1SI_DOLGOZ\u00d3K_SZAKSZERVEZETI_SZ\u00d6VETS\u00c9GE_521832201953596_236337056654.pdf\">Sz\u00e1mviteli besz\u00e1mol\u00f3 2018<\/a><\/p>\n","protected":false},"excerpt":{"rendered":"<p>Az al\u00e1bbiakban let\u00f6lthet\u0151 alapdokumentumok: Alapszab\u00e1ly Sz\u00e1mviteli besz\u00e1mol\u00f3 2012 Sz\u00e1mviteli besz\u00e1mol\u00f3 2012 al\u00e1\u00edrva Sz\u00e1mviteli besz\u00e1mol\u00f3 2014 Sz\u00e1mviteli besz\u00e1mol\u00f3 2015 Sz\u00e1mviteli besz\u00e1mol\u00f3 2016 Alap\u00edtv\u00e1ny sz\u00e1mviteli besz\u00e1mol\u00f3 2016 Sz\u00e1mviteli besz\u00e1mol\u00f3 2017 Sz\u00e1mviteli besz\u00e1mol\u00f3 2018<\/p>\n","protected":false},"author":1,"featured_media":0,"parent":0,"menu_order":0,"comment_status":"closed","ping_status":"closed","template":"","meta":{"footnotes":""},"class_list":["post-152","page","type-page","status-publish","hentry"],"_links":{"self":[{"href":"https:\/\/vkdszsz.hu\/index.php?rest_route=\/wp\/v2\/pages\/152","targetHints":{"allow":["GET"]}}],"collection":[{"href":"https:\/\/vkdszsz.hu\/index.php?rest_route=\/wp\/v2\/pages"}],"about":[{"href":"https:\/\/vkdszsz.hu\/index.php?rest_route=\/wp\/v2\/types\/page"}],"author":[{"embeddable":true,"href":"https:\/\/vkdszsz.hu\/index.php?rest_route=\/wp\/v2\/users\/1"}],"replies":[{"embeddable":true,"href":"https:\/\/vkdszsz.hu\/index.php?rest_route=%2Fwp%2Fv2%2Fcomments&post=152"}],"version-history":[{"count":15,"href":"https:\/\/vkdszsz.hu\/index.php?rest_route=\/wp\/v2\/pages\/152\/revisions"}],"predecessor-version":[{"id":1464,"href":"https:\/\/vkdszsz.hu\/index.php?rest_route=\/wp\/v2\/pages\/152\/revisions\/1464"}],"wp:attachment":[{"href":"https:\/\/vkdszsz.hu\/index.php?rest_route=%2Fwp%2Fv2%2Fmedia&parent=152"}],"curies":[{"name":"wp","href":"https:\/\/api.w.org\/{rel}","templated":true}]}}