{"id":2120,"date":"2025-01-09T15:05:39","date_gmt":"2025-01-09T15:05:39","guid":{"rendered":"https:\/\/vkdszsz.hu\/?page_id=2120"},"modified":"2026-03-09T11:39:14","modified_gmt":"2026-03-09T11:39:14","slug":"ginop-plusz","status":"publish","type":"page","link":"https:\/\/vkdszsz.hu\/?page_id=2120","title":{"rendered":"GINOP-PLUSZ"},"content":{"rendered":"<a href=\"https:\/\/vkdszsz.hu\/wp-content\/uploads\/2026\/03\/munkaetekezlet_02_12.pdf\" class=\"pdfemb-viewer\" style=\"\" data-width=\"max\" data-height=\"max\" data-toolbar=\"bottom\" data-toolbar-fixed=\"off\">munka\u00e9tekezlet_02_12<\/a>\n<a href=\"https:\/\/vkdszsz.hu\/wp-content\/uploads\/2025\/12\/Osszefoglalo_beszamolo_2025_12_04_05_erdekkepviseleti_tisztsegv_konferencia_vegleges.pdf\" class=\"pdfemb-viewer\" style=\"\" data-width=\"max\" data-height=\"max\" data-toolbar=\"bottom\" data-toolbar-fixed=\"off\">O\u0308sszefoglalo\u0301_besza\u0301molo\u0301_2025_12_04_05_e\u0301rdekke\u0301pviseleti_tisztse\u0301gv_konferencia_ve\u0301gleges<\/a>\n<a href=\"https:\/\/vkdszsz.hu\/wp-content\/uploads\/2025\/09\/GINOP_PLUSZ-3.2.3-24-2024-00068_munkaertekezlet_20250918_beszamolo.pdf\" class=\"pdfemb-viewer\" style=\"\" data-width=\"max\" data-height=\"max\" data-toolbar=\"bottom\" data-toolbar-fixed=\"off\">GINOP_PLUSZ-3.2.3-24-2024-00068_munkaertekezlet_20250918_besza\u0301molo\u0301<\/a>\n<p><a href=\"https:\/\/vkdszsz.hu\/wp-content\/uploads\/2025\/09\/Osszefoglalo_beszamolo_2025_09_03_05_kepzes.pdf\" class=\"pdfemb-viewer\" style=\"\" data-width=\"max\" data-height=\"max\" data-toolbar=\"bottom\" data-toolbar-fixed=\"off\">O\u0308sszefoglalo\u0301_besza\u0301molo\u0301_2025_09_03_05_ke\u0301pze\u0301s<\/a><a href=\"https:\/\/vkdszsz.hu\/wp-content\/uploads\/2025\/06\/masodik-munkaertekezlet-hir2.pdf\" class=\"pdfemb-viewer\" style=\"\" data-width=\"max\" data-height=\"max\" data-toolbar=\"bottom\" data-toolbar-fixed=\"off\">m\u00e1sodik munka\u00e9rtekezlet h\u00edr2<\/a><\/p>\n<p><a href=\"https:\/\/vkdszsz.hu\/wp-content\/uploads\/2025\/06\/Kep1.png\"><img loading=\"lazy\" decoding=\"async\" class=\"aligncenter size-full wp-image-2174\" src=\"https:\/\/vkdszsz.hu\/wp-content\/uploads\/2025\/06\/Kep1.png\" alt=\"\" width=\"945\" height=\"709\" srcset=\"https:\/\/vkdszsz.hu\/wp-content\/uploads\/2025\/06\/Kep1.png 945w, https:\/\/vkdszsz.hu\/wp-content\/uploads\/2025\/06\/Kep1-300x225.png 300w, https:\/\/vkdszsz.hu\/wp-content\/uploads\/2025\/06\/Kep1-768x576.png 768w, https:\/\/vkdszsz.hu\/wp-content\/uploads\/2025\/06\/Kep1-150x113.png 150w\" sizes=\"auto, (max-width: 945px) 100vw, 945px\" \/><\/a> <a href=\"https:\/\/vkdszsz.hu\/wp-content\/uploads\/2025\/06\/Kep2.jpg\"><img loading=\"lazy\" decoding=\"async\" class=\"aligncenter size-large wp-image-2175\" src=\"https:\/\/vkdszsz.hu\/wp-content\/uploads\/2025\/06\/Kep2-1024x768.jpg\" alt=\"\" width=\"1024\" height=\"768\" srcset=\"https:\/\/vkdszsz.hu\/wp-content\/uploads\/2025\/06\/Kep2-1024x768.jpg 1024w, https:\/\/vkdszsz.hu\/wp-content\/uploads\/2025\/06\/Kep2-300x225.jpg 300w, https:\/\/vkdszsz.hu\/wp-content\/uploads\/2025\/06\/Kep2-768x576.jpg 768w, https:\/\/vkdszsz.hu\/wp-content\/uploads\/2025\/06\/Kep2-150x113.jpg 150w, https:\/\/vkdszsz.hu\/wp-content\/uploads\/2025\/06\/Kep2.jpg 1386w\" sizes=\"auto, (max-width: 1024px) 100vw, 1024px\" \/><\/a> <a href=\"https:\/\/vkdszsz.hu\/wp-content\/uploads\/2025\/06\/Kep3.jpg\"><img loading=\"lazy\" decoding=\"async\" class=\"aligncenter size-large wp-image-2176\" src=\"https:\/\/vkdszsz.hu\/wp-content\/uploads\/2025\/06\/Kep3-768x1024.jpg\" alt=\"\" width=\"768\" height=\"1024\" srcset=\"https:\/\/vkdszsz.hu\/wp-content\/uploads\/2025\/06\/Kep3-768x1024.jpg 768w, https:\/\/vkdszsz.hu\/wp-content\/uploads\/2025\/06\/Kep3-225x300.jpg 225w, https:\/\/vkdszsz.hu\/wp-content\/uploads\/2025\/06\/Kep3-1152x1536.jpg 1152w, https:\/\/vkdszsz.hu\/wp-content\/uploads\/2025\/06\/Kep3-113x150.jpg 113w, https:\/\/vkdszsz.hu\/wp-content\/uploads\/2025\/06\/Kep3.jpg 1386w\" sizes=\"auto, (max-width: 768px) 100vw, 768px\" \/><\/a> <a href=\"https:\/\/vkdszsz.hu\/wp-content\/uploads\/2025\/06\/Kep4.jpg\"><img loading=\"lazy\" decoding=\"async\" class=\"aligncenter size-large wp-image-2177\" src=\"https:\/\/vkdszsz.hu\/wp-content\/uploads\/2025\/06\/Kep4-768x1024.jpg\" alt=\"\" width=\"768\" height=\"1024\" srcset=\"https:\/\/vkdszsz.hu\/wp-content\/uploads\/2025\/06\/Kep4-768x1024.jpg 768w, https:\/\/vkdszsz.hu\/wp-content\/uploads\/2025\/06\/Kep4-225x300.jpg 225w, https:\/\/vkdszsz.hu\/wp-content\/uploads\/2025\/06\/Kep4-1152x1536.jpg 1152w, https:\/\/vkdszsz.hu\/wp-content\/uploads\/2025\/06\/Kep4-113x150.jpg 113w, https:\/\/vkdszsz.hu\/wp-content\/uploads\/2025\/06\/Kep4.jpg 1386w\" sizes=\"auto, (max-width: 768px) 100vw, 768px\" \/><\/a> <a href=\"https:\/\/vkdszsz.hu\/wp-content\/uploads\/2025\/06\/Kep5.jpg\"><img loading=\"lazy\" decoding=\"async\" class=\"aligncenter size-large wp-image-2178\" src=\"https:\/\/vkdszsz.hu\/wp-content\/uploads\/2025\/06\/Kep5-768x1024.jpg\" alt=\"\" width=\"768\" height=\"1024\" srcset=\"https:\/\/vkdszsz.hu\/wp-content\/uploads\/2025\/06\/Kep5-768x1024.jpg 768w, https:\/\/vkdszsz.hu\/wp-content\/uploads\/2025\/06\/Kep5-225x300.jpg 225w, https:\/\/vkdszsz.hu\/wp-content\/uploads\/2025\/06\/Kep5-1152x1536.jpg 1152w, https:\/\/vkdszsz.hu\/wp-content\/uploads\/2025\/06\/Kep5-113x150.jpg 113w, https:\/\/vkdszsz.hu\/wp-content\/uploads\/2025\/06\/Kep5.jpg 1386w\" sizes=\"auto, (max-width: 768px) 100vw, 768px\" \/><\/a><\/p>\n<p>&nbsp;<\/p>\n<a href=\"https:\/\/vkdszsz.hu\/wp-content\/uploads\/2025\/05\/Kiadvany_A5.pdf\" class=\"pdfemb-viewer\" style=\"\" data-width=\"max\" data-height=\"max\" data-toolbar=\"bottom\" data-toolbar-fixed=\"off\">Kiadv\u00e1ny_A5<\/a>\n<a href=\"https:\/\/vkdszsz.hu\/wp-content\/uploads\/2025\/05\/SZTP_szakmaibeszamolovegleges_HU_20250424.pdf\" class=\"pdfemb-viewer\" style=\"\" data-width=\"max\" data-height=\"max\" data-toolbar=\"bottom\" data-toolbar-fixed=\"off\">SZTP_szakmaibesz\u00e1mol\u00f3v\u00e9gleges_HU_20250424<\/a>\n<p><a href=\"https:\/\/vkdszsz.hu\/wp-content\/uploads\/2025\/05\/IMG_20250424_114955-scaled.jpg\"><img loading=\"lazy\" decoding=\"async\" class=\"aligncenter size-large wp-image-2162\" src=\"https:\/\/vkdszsz.hu\/wp-content\/uploads\/2025\/05\/IMG_20250424_114955-1024x1024.jpg\" alt=\"\" width=\"1024\" height=\"1024\" srcset=\"https:\/\/vkdszsz.hu\/wp-content\/uploads\/2025\/05\/IMG_20250424_114955-1024x1024.jpg 1024w, https:\/\/vkdszsz.hu\/wp-content\/uploads\/2025\/05\/IMG_20250424_114955-300x300.jpg 300w, https:\/\/vkdszsz.hu\/wp-content\/uploads\/2025\/05\/IMG_20250424_114955-150x150.jpg 150w, https:\/\/vkdszsz.hu\/wp-content\/uploads\/2025\/05\/IMG_20250424_114955-768x768.jpg 768w, https:\/\/vkdszsz.hu\/wp-content\/uploads\/2025\/05\/IMG_20250424_114955-1536x1536.jpg 1536w, https:\/\/vkdszsz.hu\/wp-content\/uploads\/2025\/05\/IMG_20250424_114955-2048x2048.jpg 2048w\" sizes=\"auto, (max-width: 1024px) 100vw, 1024px\" \/><\/a> <a href=\"https:\/\/vkdszsz.hu\/wp-content\/uploads\/2025\/05\/IMG_20250424_125011-scaled.jpg\"><img loading=\"lazy\" decoding=\"async\" class=\"aligncenter size-large wp-image-2163\" src=\"https:\/\/vkdszsz.hu\/wp-content\/uploads\/2025\/05\/IMG_20250424_125011-1024x1024.jpg\" alt=\"\" width=\"1024\" height=\"1024\" srcset=\"https:\/\/vkdszsz.hu\/wp-content\/uploads\/2025\/05\/IMG_20250424_125011-1024x1024.jpg 1024w, https:\/\/vkdszsz.hu\/wp-content\/uploads\/2025\/05\/IMG_20250424_125011-300x300.jpg 300w, https:\/\/vkdszsz.hu\/wp-content\/uploads\/2025\/05\/IMG_20250424_125011-150x150.jpg 150w, https:\/\/vkdszsz.hu\/wp-content\/uploads\/2025\/05\/IMG_20250424_125011-768x768.jpg 768w, https:\/\/vkdszsz.hu\/wp-content\/uploads\/2025\/05\/IMG_20250424_125011-1536x1536.jpg 1536w, https:\/\/vkdszsz.hu\/wp-content\/uploads\/2025\/05\/IMG_20250424_125011-2048x2048.jpg 2048w\" sizes=\"auto, (max-width: 1024px) 100vw, 1024px\" \/><\/a><\/p>\n<p>&nbsp;<\/p>\n<p>&nbsp;<\/p>\n<a href=\"https:\/\/vkdszsz.hu\/wp-content\/uploads\/2025\/04\/VKDSZ_strategiai_marketing_kommunikacios_terv_rovid_vazlat.pdf\" class=\"pdfemb-viewer\" style=\"\" data-width=\"max\" data-height=\"max\" data-toolbar=\"bottom\" data-toolbar-fixed=\"off\">VKDSZ_strate\u0301giai_marketing_kommunika\u0301cio\u0301s_terv_rovid_vazlat<\/a>\n<a href=\"https:\/\/vkdszsz.hu\/wp-content\/uploads\/2025\/04\/VKDSZ_strategiai_marketing_kommunikacios_terv.pdf\" class=\"pdfemb-viewer\" style=\"\" data-width=\"max\" data-height=\"max\" data-toolbar=\"bottom\" data-toolbar-fixed=\"off\">VKDSZ_strate\u0301giai_marketing_kommunika\u0301cio\u0301s_terv<\/a>\n<p>&nbsp;<\/p>\n<a href=\"https:\/\/vkdszsz.hu\/wp-content\/uploads\/2025\/01\/Kedves-Kolleganok-honlap2.pdf\" class=\"pdfemb-viewer\" style=\"\" data-width=\"max\" data-height=\"max\" data-toolbar=\"bottom\" data-toolbar-fixed=\"off\">Kedves Koll\u00e9gan\u0151k - honlap2<\/a>\n<p><strong>A projekt az Eur\u00f3pai Uni\u00f3 t\u00e1mogat\u00e1s\u00e1val, a magyar \u00e1llam t\u00e1rsfinansz\u00edroz\u00e1s\u00e1val val\u00f3sul meg.<\/strong><\/p>\n<p>&nbsp;<\/p>\n<p>&nbsp;<\/p>\n<p><b><span data-olk-copy-source=\"MessageBody\">A fejleszt\u00e9s c\u00e9lja:<\/span><\/b>\u00a0A VKDSZ kapacit\u00e1sfejleszt\u0151 projektj\u00e9ben 8 f\u0151 \u00faj munkav\u00e1llal\u00f3t k\u00edv\u00e1n foglalkoztatni a v\u00edz\u00fcgyi- \u00e9s a f\u00fcrd\u0151\u00e1gazati szakemberek, szakszervezetek koordin\u00e1ci\u00f3j\u00e1hoz sz\u00fcks\u00e9ges feladatok ell\u00e1t\u00e1s\u00e1ra. A projekt megval\u00f3s\u00edt\u00e1sa sor\u00e1n mindezen k\u00edv\u00fcl nem k\u00e9pz\u00e9si c\u00e9l\u00fa rendezv\u00e9nyk\u00e9nt \u00e9vente 1 alkalommal \u00e9rdekk\u00e9pviseleti konferenci\u00e1k (\u00f6sszesen 3 alkalom) ker\u00fclnek megrendez\u00e9sre, melyek sz\u00e9les spektrumot fednek le, \u00e9s fontos t\u00e9m\u00e1kra f\u00f3kusz\u00e1lnak, amelyek hozz\u00e1j\u00e1rulnak a v\u00edz\u00fcgyi \u00e1gazat fenntarthat\u00f3s\u00e1g\u00e1hoz, moderniz\u00e1ci\u00f3j\u00e1hoz \u00e9s a munkav\u00e1llal\u00f3k j\u00f3l\u00e9t\u00e9hez. Ezen k\u00edv\u00fcl \u00e9vente 4 alkalommal munka\u00e9rtekezletek (\u00f6sszesen 12 alkalom) ker\u00fclnek megval\u00f3s\u00edt\u00e1sra, melyek hozz\u00e1j\u00e1rulnak a kollekt\u00edv szerz\u0151d\u00e9sek, a munkahelyi biztons\u00e1g, a k\u00f6rnyezetv\u00e9delem, a munkav\u00e1llal\u00f3i jogok \u00e9s a szakszervezeti tev\u00e9kenys\u00e9gek fejleszt\u00e9s\u00e9hez. Mindemellett k\u00e9pz\u00e9sek ker\u00fclnek megval\u00f3s\u00edt\u00e1sra \u00f6sszesen 24 alkalommal, melyek \u00e1tfog\u00f3 fejl\u0151d\u00e9si lehet\u0151s\u00e9geket k\u00edn\u00e1lnak a r\u00e9sztvev\u0151k sz\u00e1m\u00e1ra, hogy jav\u00edts\u00e1k szakmai k\u00e9szs\u00e9geiket \u00e9s hozz\u00e1j\u00e1ruljanak a szervezet\u00fck hat\u00e9konys\u00e1g\u00e1nak n\u00f6vel\u00e9s\u00e9hez. A szakszervezeti tev\u00e9kenys\u00e9get bemutat\u00f3, reprezent\u00e1ci\u00f3s c\u00e9l\u00fa aj\u00e1nd\u00e9kt\u00e1rgyak \u00e9s kiadv\u00e1ny ker\u00fcl megval\u00f3s\u00edt\u00e1sra. Az \u00faj munkav\u00e1llal\u00f3k feladatell\u00e1t\u00e1s\u00e1hoz, valamint az infrastruktur\u00e1lis kapacit\u00e1sfejleszt\u00e9shez kapcsol\u00f3d\u00f3an 4 db laptop, 1 db asztali sz\u00e1m\u00edt\u00f3g\u00e9p \u00e9s sz\u00ednes nyomtat\u00f3, valamint 1 db online konferenciaszett ker\u00fcl beszerz\u00e9sre.<\/p>\n","protected":false},"excerpt":{"rendered":"<p>&nbsp; &nbsp; &nbsp; &nbsp; A projekt az Eur\u00f3pai Uni\u00f3 t\u00e1mogat\u00e1s\u00e1val, a magyar \u00e1llam t\u00e1rsfinansz\u00edroz\u00e1s\u00e1val val\u00f3sul meg. &nbsp; &nbsp; A fejleszt\u00e9s c\u00e9lja:\u00a0A VKDSZ kapacit\u00e1sfejleszt\u0151 projektj\u00e9ben 8 f\u0151 \u00faj munkav\u00e1llal\u00f3t k\u00edv\u00e1n foglalkoztatni a v\u00edz\u00fcgyi- \u00e9s a f\u00fcrd\u0151\u00e1gazati szakemberek, szakszervezetek koordin\u00e1ci\u00f3j\u00e1hoz sz\u00fcks\u00e9ges feladatok ell\u00e1t\u00e1s\u00e1ra. A projekt megval\u00f3s\u00edt\u00e1sa sor\u00e1n mindezen k\u00edv\u00fcl nem k\u00e9pz\u00e9si c\u00e9l\u00fa rendezv\u00e9nyk\u00e9nt \u00e9vente 1 alkalommal \u00e9rdekk\u00e9pviseleti&#8230;<\/p>\n","protected":false},"author":1,"featured_media":0,"parent":0,"menu_order":0,"comment_status":"closed","ping_status":"closed","template":"","meta":{"footnotes":""},"class_list":["post-2120","page","type-page","status-publish","hentry"],"_links":{"self":[{"href":"https:\/\/vkdszsz.hu\/index.php?rest_route=\/wp\/v2\/pages\/2120","targetHints":{"allow":["GET"]}}],"collection":[{"href":"https:\/\/vkdszsz.hu\/index.php?rest_route=\/wp\/v2\/pages"}],"about":[{"href":"https:\/\/vkdszsz.hu\/index.php?rest_route=\/wp\/v2\/types\/page"}],"author":[{"embeddable":true,"href":"https:\/\/vkdszsz.hu\/index.php?rest_route=\/wp\/v2\/users\/1"}],"replies":[{"embeddable":true,"href":"https:\/\/vkdszsz.hu\/index.php?rest_route=%2Fwp%2Fv2%2Fcomments&post=2120"}],"version-history":[{"count":20,"href":"https:\/\/vkdszsz.hu\/index.php?rest_route=\/wp\/v2\/pages\/2120\/revisions"}],"predecessor-version":[{"id":2246,"href":"https:\/\/vkdszsz.hu\/index.php?rest_route=\/wp\/v2\/pages\/2120\/revisions\/2246"}],"wp:attachment":[{"href":"https:\/\/vkdszsz.hu\/index.php?rest_route=%2Fwp%2Fv2%2Fmedia&parent=2120"}],"curies":[{"name":"wp","href":"https:\/\/api.w.org\/{rel}","templated":true}]}}