{"id":297,"date":"2018-07-05T08:00:59","date_gmt":"2018-07-05T08:00:59","guid":{"rendered":"http:\/\/vkdszsz.hu\/?page_id=297"},"modified":"2025-09-10T09:57:58","modified_gmt":"2025-09-10T09:57:58","slug":"vkdszsz-iroda","status":"publish","type":"page","link":"https:\/\/vkdszsz.hu\/?page_id=297","title":{"rendered":"VKDSZSZ iroda"},"content":{"rendered":"<table class=\"c_elerhetoseg\" style=\"width: 100%;\">\n<tbody>\n<tr>\n<th><\/th>\n<th>Beoszt\u00e1s<\/th>\n<th>N\u00e9v<\/th>\n<th>Telefon<\/th>\n<th>Email<\/th>\n<\/tr>\n<tr>\n<td>1<\/td>\n<td>\u00fcgyvezet\u0151<\/td>\n<td>\u00c1d\u00e1m R\u00f3bert J\u00e1nos<\/td>\n<td>30-640 1463<\/td>\n<td><a class=\"mailto-link\" href=\"mailto:adamrobert@vkdszsz.hu\" target=\"_blank\" rel=\"noopener noreferrer\">adamrobert@vkdszsz.hu<\/a><\/td>\n<\/tr>\n<tr>\n<td>2<\/td>\n<td>irodavezet\u0151<\/td>\n<td>Kabai Tibor<\/td>\n<td>30-509 9260<\/td>\n<td><a class=\"mailto-link\" href=\"mailto:kabai.tibor@vkdszsz.hu\" target=\"_blank\" rel=\"noopener noreferrer\">kabai.tibor@vkdszsz.hu<\/a><\/td>\n<\/tr>\n<tr>\n<td>3<\/td>\n<td>k\u00f6nyvel\u00e9si feladatokat ell\u00e1t\u00f3<\/td>\n<td>Reg\u00e9nyi Tam\u00e1sn\u00e9<\/td>\n<td><span data-olk-copy-source=\"MessageBody\">30-474 9487<\/span><\/td>\n<td><a title=\"mailto:reganiko@gmail.com\" href=\"mailto:reganiko@gmail.com\" data-linkindex=\"1\" data-olk-copy-source=\"MessageBody\">reganiko@gmail.com<\/a><\/td>\n<\/tr>\n<\/tbody>\n<\/table>\n","protected":false},"excerpt":{"rendered":"<p>Beoszt\u00e1s N\u00e9v Telefon Email 1 \u00fcgyvezet\u0151 \u00c1d\u00e1m R\u00f3bert J\u00e1nos 30-640 1463 adamrobert@vkdszsz.hu 2 irodavezet\u0151 Kabai Tibor 30-509 9260 kabai.tibor@vkdszsz.hu 3 k\u00f6nyvel\u00e9si feladatokat ell\u00e1t\u00f3 Reg\u00e9nyi Tam\u00e1sn\u00e9 30-474 9487 reganiko@gmail.com<\/p>\n","protected":false},"author":1,"featured_media":0,"parent":0,"menu_order":0,"comment_status":"closed","ping_status":"closed","template":"","meta":{"footnotes":""},"class_list":["post-297","page","type-page","status-publish","hentry"],"_links":{"self":[{"href":"https:\/\/vkdszsz.hu\/index.php?rest_route=\/wp\/v2\/pages\/297","targetHints":{"allow":["GET"]}}],"collection":[{"href":"https:\/\/vkdszsz.hu\/index.php?rest_route=\/wp\/v2\/pages"}],"about":[{"href":"https:\/\/vkdszsz.hu\/index.php?rest_route=\/wp\/v2\/types\/page"}],"author":[{"embeddable":true,"href":"https:\/\/vkdszsz.hu\/index.php?rest_route=\/wp\/v2\/users\/1"}],"replies":[{"embeddable":true,"href":"https:\/\/vkdszsz.hu\/index.php?rest_route=%2Fwp%2Fv2%2Fcomments&post=297"}],"version-history":[{"count":16,"href":"https:\/\/vkdszsz.hu\/index.php?rest_route=\/wp\/v2\/pages\/297\/revisions"}],"predecessor-version":[{"id":2183,"href":"https:\/\/vkdszsz.hu\/index.php?rest_route=\/wp\/v2\/pages\/297\/revisions\/2183"}],"wp:attachment":[{"href":"https:\/\/vkdszsz.hu\/index.php?rest_route=%2Fwp%2Fv2%2Fmedia&parent=297"}],"curies":[{"name":"wp","href":"https:\/\/api.w.org\/{rel}","templated":true}]}}