{"id":767,"date":"2018-06-18T07:01:36","date_gmt":"2018-06-18T07:01:36","guid":{"rendered":"http:\/\/vkdszsz.hu\/?page_id=767"},"modified":"2018-06-18T07:01:36","modified_gmt":"2018-06-18T07:01:36","slug":"tajekoztato-a-beren-kivuli-es-egyes-meghatarozott-juttatasokra-vonatkozo-szabalyok-valtozasarol","status":"publish","type":"page","link":"https:\/\/vkdszsz.hu\/?page_id=767","title":{"rendered":"T\u00e1j\u00e9koztat\u00f3 a b\u00e9ren k\u00edv\u00fcli \u00e9s egyes meghat\u00e1rozott juttat\u00e1sokra vonatkoz\u00f3 szab\u00e1lyok v\u00e1ltoz\u00e1s\u00e1r\u00f3l"},"content":{"rendered":"<p>A szem\u00e9lyi j\u00f6vedelemad\u00f3r\u00f3l sz\u00f3l\u00f3 1995. \u00e9vi CXVII. t\u00f6rv\u00e9ny (Szja tv.) 69-71. \u00a7-ai szab\u00e1lyozz\u00e1k a b\u00e9ren k\u00edv\u00fcli \u00e9s egyes meghat\u00e1rozott juttat\u00e1sok ad\u00f3k\u00f6telezetts\u00e9g\u00e9t. Ezek a szab\u00e1lyok 2017-t\u0151l t\u00f6bb ponton m\u00f3dosulnak.<\/p>\n<p>A kifizet\u0151t (munk\u00e1ltat\u00f3t) terhel\u0151 ad\u00f3 alapja 2017-t\u0151l a juttat\u00e1s \u00e9rt\u00e9k\u00e9nek 1,18- szorosa. A b\u00e9ren k\u00edv\u00fcli juttat\u00e1sok ut\u00e1n 15 sz\u00e1zal\u00e9k szja-t \u00e9s 14 sz\u00e1zal\u00e9k eg\u00e9szs\u00e9g\u00fcgyi hozz\u00e1j\u00e1rul\u00e1st, az egyes meghat\u00e1rozott juttat\u00e1sok ut\u00e1n pedig 15 sz\u00e1zal\u00e9k szja-t \u00e9s 22 sz\u00e1zal\u00e9k eg\u00e9szs\u00e9g\u00fcgyi hozz\u00e1j\u00e1rul\u00e1st kell fizetni. Az \u00f6sszes k\u00f6zteher m\u00e9rt\u00e9ke \u00edgy a b\u00e9ren k\u00edv\u00fcli juttat\u00e1sok eset\u00e9ben 34,22 sz\u00e1zal\u00e9k, az egyes meghat\u00e1rozott juttat\u00e1sok eset\u00e9ben pedig 43,66 sz\u00e1zal\u00e9k. [Szja tv. 70. \u00a7, 71. \u00a7, Eg\u00e9szs\u00e9g\u00fcgyi hozz\u00e1j\u00e1rul\u00e1sr\u00f3l sz\u00f3l\u00f3 1998. \u00e9vi LXVI. tv. 3.\u00a7 (1)]<\/p>\n<p>Sz\u0171k\u00fcl a munk\u00e1ltat\u00f3 \u00e1ltal adhat\u00f3 b\u00e9ren k\u00edv\u00fcli juttat\u00e1sok k\u00f6re. 2017. janu\u00e1r 1-j\u00e9t\u0151l b\u00e9ren k\u00edv\u00fcli juttat\u00e1snak min\u0151s\u00fcl:<br \/>\n&#8211; az \u00e9ves keret\u00f6sszeget &#8211; 100 ezer forintot &#8211; meg nem halad\u00f3an adott p\u00e9nz\u00f6sszeg \u00e9s<br \/>\n&#8211;\u00a0\u00a0\u00a0 a Sz\u00e9chenyi Pihen\u0151 K\u00e1rtya<br \/>\n\u2022\u00a0\u00a0\u00a0 sz\u00e1ll\u00e1shely alsz\u00e1ml\u00e1ra legfeljebb 225 ezer forint,<br \/>\n\u2022\u00a0\u00a0\u00a0 vend\u00e9gl\u00e1t\u00e1s, alsz\u00e1m\u00e1ra legfeljebb 150 ezer forint,<br \/>\n\u2022\u00a0\u00a0\u00a0 szabadid\u0151 alsz\u00e1ml\u00e1ra legfeljebb 75 ezer forint \u00f6sszegben adott juttat\u00e1s. A 2017-ben alkalmazand\u00f3 keret\u00f6sszegek az al\u00e1bbiak szerint alakulnak:<br \/>\n&#8211;\u00a0\u00a0\u00a0 A p\u00e9nzjuttat\u00e1s \u00e9ves keret\u00f6sszege eg\u00e9sz \u00e9ves foglalkoztat\u00e1s eset\u00e9n 100 ezer forint.<br \/>\nAz ad\u00f3\u00e9vben a keret\u00f6sszeget meghalad\u00f3 \u00f6sszeg\u0171 p\u00e9nzjuttat\u00e1s a felek k\u00f6z\u00f6tti jogviszonynak megfelel\u0151en, munkav\u00e1llal\u00f3 eset\u00e9ben b\u00e9rj\u00f6vedelemk\u00e9nt, t\u00e1rsas v\u00e1llalkoz\u00e1s szem\u00e9lyesen k\u00f6zrem\u0171k\u00f6d\u0151 tagja eset\u00e9ben pedig nem \u00f6n\u00e1ll\u00f3 tev\u00e9kenys\u00e9gb\u0151l sz\u00e1rmaz\u00f3 j\u00f6vedelemk\u00e9nt v\u00e1lik ad\u00f3k\u00f6teless\u00e9, \u00e9s j\u00e1rul\u00e9kalapot k\u00e9pez\u0151 j\u00f6vedelemm\u00e9. A felettes r\u00e9sz ut\u00e1n a szem\u00e9lyi j\u00f6vedelemad\u00f3 \u00e9s\u00a0 az egy\u00e9ni j\u00e1rul\u00e9kok a mag\u00e1nszem\u00e9lyt terhelik, a juttat\u00f3nak pedig szoci\u00e1lis hozz\u00e1j\u00e1rul\u00e1si ad\u00f3t kell fizetnie.<br \/>\nAmennyiben a foglalkoztat\u00e1s az ad\u00f3\u00e9v eg\u00e9sz\u00e9ben nem \u00e1ll fenn, az \u00e9ves keret\u00f6sszeget a foglalkoztat\u00e1s id\u0151szak\u00e1val ar\u00e1nyosan kell meg\u00e1llap\u00edtani. Az \u00e9rt\u00e9khat\u00e1rt meghalad\u00f3 r\u00e9sz az el\u0151z\u0151ek szerint viseli a k\u00f6zterheket, amelyeket a kifizet\u00e9s h\u00f3napj\u00e1ra kell meg\u00e1llap\u00edtani.<br \/>\nHa a mag\u00e1nszem\u00e9ly b\u00e9ren k\u00edv\u00fcli juttat\u00e1sra jogos\u00edt\u00f3 jogviszonya \u00fagy sz\u0171nik meg, hogy a megsz\u0171n\u00e9skor a munk\u00e1ltat\u00f3t\u00f3l az ad\u00f3\u00e9vben kapott p\u00e9nzjuttat\u00e1s \u00e9rt\u00e9ke az \u00e9ves keret\u00f6sszeget meghaladja, a meghalad\u00f3 r\u00e9sz ut\u00e1n a jogviszony megsz\u0171n\u00e9sekor, a megsz\u0171n\u00e9s h\u00f3napja k\u00f6telezetts\u00e9gek\u00e9nt a juttat\u00e1sra jogos\u00edt\u00f3 jogviszony alapj\u00e1n kell az ad\u00f3k\u00f6telezetts\u00e9get meg\u00e1llap\u00edtani. A keret\u00f6sszeget meghalad\u00f3 r\u00e9sz az Szja tv. 69. \u00a7 (2) bekezd\u00e9s szerinti\u00a0 k\u00f6zteheralap sz\u00e1m\u00edt\u00e1s\u00e1n\u00e1l\u00a0 figyelmen\u00a0 k\u00edv\u00fcl\u00a0 hagyhat\u00f3\u00a0 vagy\u00a0 a\u00a0 keret\u00f6sszeget\u00a0 meghalad\u00f3<\/p>\n<p>k\u00f6zteheralap\u00a0 ut\u00e1n\u00a0 m\u00e1r\u00a0 megfizetett\u00a0 k\u00f6zterhek\u00a0 az\u00a0 \u00f6nellen\u0151rz\u00e9sre\u00a0 vonatkoz\u00f3 szab\u00e1lyok szerint helyesb\u00edthet\u0151k.<\/p>\n<p>&#8211;\u00a0\u00a0\u00a0 A rekre\u00e1ci\u00f3s keret\u00f6sszeget elt\u00e9r\u0151 m\u00e9rt\u00e9kben hat\u00e1rozza meg az Szja tv. att\u00f3l f\u00fcgg\u0151en, hogy a munk\u00e1ltat\u00f3 k\u00f6lts\u00e9gvet\u00e9si szerv, vagy m\u00e1s munk\u00e1ltat\u00f3;<br \/>\n\u2022\u00a0\u00a0\u00a0 K\u00f6lts\u00e9gvet\u00e9si szerv eset\u00e9ben az \u00e9ves rekre\u00e1ci\u00f3s keret\u00f6sszeg 200 ezer forint,<br \/>\n\u2022\u00a0\u00a0\u00a0 M\u00e1s munk\u00e1ltat\u00f3 eset\u00e9ben az \u00e9ves rekre\u00e1ci\u00f3s keret\u00f6sszeg 450 ezer forint. Ha a foglalkoztat\u00e1s az \u00e9v eg\u00e9sz\u00e9ben nem \u00e1ll fenn, az eml\u00edtett \u00f6sszegnek a foglalkoztat\u00e1s id\u0151tartam\u00e1val ar\u00e1nyos r\u00e9sze min\u0151s\u00fcl \u00e9ves rekre\u00e1ci\u00f3s keret\u00f6sszegnek. A rekre\u00e1ci\u00f3s keret\u00f6sszeget (200 ezer, illetve 450 ezer forint) meghalad\u00f3 \u00f6sszegben biztos\u00edtott b\u00e9ren k\u00edv\u00fcli juttat\u00e1s egyes meghat\u00e1rozott juttat\u00e1sk\u00e9nt lesz ad\u00f3k\u00f6teles.<br \/>\nA munkav\u00e1llal\u00f3 hal\u00e1la eset\u00e9n nem kell ar\u00e1nyos\u00edtani sem az \u00e9ves, sem a rekre\u00e1ci\u00f3s keret\u00f6sszeget.<\/p>\n<p>V\u00e1ltozatlanul egyes meghat\u00e1rozott juttat\u00e1sk\u00e9nt lesz ad\u00f3k\u00f6teles \u2013 p\u00e9nz\u00f6sszeg kiv\u00e9tel\u00e9vel &#8211; az a b\u00e9ren k\u00edv\u00fcli juttat\u00e1s, amelyet az egyedi keret\u00f6sszeget meghalad\u00f3 \u00f6sszegben biztos\u00edt a munk\u00e1ltat\u00f3.<br \/>\nPl: A Sz\u00e9p k\u00e1rtya szabadid\u0151 alsz\u00e1ml\u00e1j\u00e1ra utalt 100 ezer forintos \u00f6sszegben adott juttat\u00e1sb\u00f3l 75 ezer forint b\u00e9ren k\u00edv\u00fcli juttat\u00e1snak, 25 ezer forint \u00f6sszeg\u0171 juttat\u00e1s egyes meghat\u00e1rozott juttat\u00e1snak min\u0151s\u00fcl.<\/p>\n<p>Az Szja tv-ben 2016-ban b\u00e9ren k\u00edv\u00fcli juttat\u00e1sk\u00e9nt neves\u00edtett juttat\u00e1sok (\u00fcd\u00fcl\u00e9si szolg\u00e1ltat\u00e1s, munkahelyi \u00e9tkeztet\u00e9s, iskolakezd\u00e9si t\u00e1mogat\u00e1s, helyi utaz\u00e1si b\u00e9rlet, iskolarendszer\u0171 k\u00e9pz\u00e9s, \u00f6nk\u00e9ntes k\u00f6lcs\u00f6n\u00f6s biztos\u00edt\u00f3 p\u00e9nzt\u00e1ri munk\u00e1ltat\u00f3i hozz\u00e1j\u00e1rul\u00e1s, foglalkoztat\u00f3i nyugd\u00edjszolg\u00e1ltat\u00f3 int\u00e9zm\u00e9nybe teljes\u00edtett foglalkoztat\u00f3i hozz\u00e1j\u00e1rul\u00e1s, \u00f6nk\u00e9ntes k\u00f6lcs\u00f6n\u00f6s biztos\u00edt\u00f3 p\u00e9nzt\u00e1rba c\u00e9lzott szolg\u00e1ltat\u00e1sra befizetett \u00f6sszeg) 2017-t\u0151l egyes meghat\u00e1rozott juttat\u00e1sk\u00e9nt lesznek ad\u00f3k\u00f6telesek. Az egyes juttat\u00e1sokra meghat\u00e1rozott \u00e9rt\u00e9khat\u00e1rok kiv\u00e9tel\u00e9vel a t\u00f6rv\u00e9nyben meghat\u00e1rozott felt\u00e9telnek meg kell felelnie az adott juttat\u00e1soknak.<\/p>\n<p>Az Erzs\u00e9bet juttat\u00e1s kiemelt ad\u00f3jogi szerepe megsz\u0171nik, ezzel egyidej\u0171leg\u00a0 2017. janu\u00e1r 1-t\u0151l a fogalmat is kivezetik az Szja tv-b\u0151l. A 2016. december 31-ig juttatott Erzs\u00e9bet-utalv\u00e1nyok \u2013 az \u00e9rv\u00e9nyess\u00e9gi idej\u00fck\u00f6n bel\u00fcl, a 2016. december 31-\u00e9n hat\u00e1lyos szab\u00e1lyok szerinti szolg\u00e1ltat\u00e1s- \u00e9s term\u00e9kk\u00f6rben \u2013 2016. december 31-\u00e9t k\u00f6vet\u0151en is bev\u00e1lthat\u00f3k. A gyermekv\u00e9delmi Erzs\u00e9bet utalv\u00e1ny ad\u00f3mentess\u00e9g\u00e9t ez a rendelkez\u00e9s nem \u00e9rinti.<\/p>\n<p>A fogyaszt\u00e1sra k\u00e9sz \u00e9tel v\u00e1s\u00e1rl\u00e1s\u00e1ra szolg\u00e1l\u00f3 utalv\u00e1nyokat (az \u00fan. \u201ehideg\u201d utalv\u00e1nyokat) a munk\u00e1ltat\u00f3 az Szja tv. 70.\u00a7 (1a) bekezd\u00e9s a) \u00e9s b) pontja alapj\u00e1n a minden munkav\u00e1llal\u00f3ja sz\u00e1m\u00e1ra azonos felt\u00e9telekkel vagy minden munkav\u00e1llal\u00f3 \u00e1ltal megismerhet\u0151 bels\u0151 szab\u00e1lyzat alapj\u00e1n is juttathatja egyes meghat\u00e1rozott juttat\u00e1sk\u00e9nt. 2017. janu\u00e1r 1-t\u0151l megsz\u0171nik a korl\u00e1toz\u00e1s, amely az eml\u00edtett juttat\u00e1si k\u00f6rb\u0151l kiz\u00e1rta a k\u00e9sz \u00e9tel v\u00e1s\u00e1rl\u00e1s\u00e1ra szolg\u00e1l\u00f3 utalv\u00e1nyokat. Az eml\u00edtett rendelkez\u00e9s alapj\u00e1n 2017-t\u0151l ak\u00e1r Erzs\u00e9bet utalv\u00e1ny ak\u00e1r m\u00e1s utalv\u00e1nyforgalmaz\u00f3 \u00e1ltal kibocs\u00e1tott \u201ehideg\u201d utalv\u00e1ny is adhat\u00f3 a munkav\u00e1llal\u00f3k r\u00e9sz\u00e9re, de csak mint egyes meghat\u00e1rozott juttat\u00e1s.<\/p>\n<p>2017-t\u0151l egyes meghat\u00e1rozott juttat\u00e1snak min\u0151s\u00fcl az \u00f6nk\u00e9ntes k\u00f6lcs\u00f6n\u00f6s biztos\u00edt\u00f3 p\u00e9nzt\u00e1rakr\u00f3l sz\u00f3l\u00f3 t\u00f6rv\u00e9ny el\u0151\u00edr\u00e1sai szerint c\u00e9lzott szolg\u00e1ltat\u00e1sra befizetett \u00f6sszeg. C\u00e9lzott szolg\u00e1ltat\u00e1sk\u00e9nt a p\u00e9nzt\u00e1r szolg\u00e1ltat\u00e1si szab\u00e1lyzat\u00e1ban r\u00f6gz\u00edtett szolg\u00e1ltat\u00e1sok ny\u00fajthat\u00f3ak, amelyeket minden, a p\u00e9nzt\u00e1rral k\u00f6t\u00f6tt szerz\u0151d\u00e9sben meghat\u00e1rozott \u00e9rintett r\u00e9sz\u00e9re biztos\u00edtani kell.<\/p>\n<p>A b\u00e9ren k\u00edv\u00fcli \u00e9s az egyes meghat\u00e1rozott juttat\u00e1sok eset\u00e9n nem alkalmazhat\u00f3 az a szab\u00e1ly, hogy amennyiben a 2016-ra j\u00e1r\u00f3 juttat\u00e1st 2017. janu\u00e1r 10-ig \u00e1tadj\u00e1k, \u00e1tutalj\u00e1k, akkor az, 2016-ban megszerzett j\u00f6vedelemnek min\u0151s\u00fcl. Ez a rendelkez\u00e9s csak az el\u0151z\u0151 \u00e9vre vonatkoz\u00f3 munkab\u00e9rre, jutalomra, valamint a t\u00e1rsadalombiztos\u00edt\u00e1si kifizet\u0151helynek min\u0151s\u00fcl\u0151 munk\u00e1ltat\u00f3 \u00e1ltal kifizetett ad\u00f3k\u00f6teles t\u00e1rsadalombiztos\u00edt\u00e1si ell\u00e1t\u00e1sokra vonatkozik.<\/p>\n","protected":false},"excerpt":{"rendered":"<p>A szem\u00e9lyi j\u00f6vedelemad\u00f3r\u00f3l sz\u00f3l\u00f3 1995. \u00e9vi CXVII. t\u00f6rv\u00e9ny (Szja tv.) 69-71. \u00a7-ai szab\u00e1lyozz\u00e1k a b\u00e9ren k\u00edv\u00fcli \u00e9s egyes meghat\u00e1rozott juttat\u00e1sok ad\u00f3k\u00f6telezetts\u00e9g\u00e9t. Ezek a szab\u00e1lyok 2017-t\u0151l t\u00f6bb ponton m\u00f3dosulnak. A kifizet\u0151t (munk\u00e1ltat\u00f3t) terhel\u0151 ad\u00f3 alapja 2017-t\u0151l a juttat\u00e1s \u00e9rt\u00e9k\u00e9nek 1,18- szorosa. A b\u00e9ren k\u00edv\u00fcli juttat\u00e1sok ut\u00e1n 15 sz\u00e1zal\u00e9k szja-t \u00e9s 14 sz\u00e1zal\u00e9k eg\u00e9szs\u00e9g\u00fcgyi hozz\u00e1j\u00e1rul\u00e1st, az egyes&#8230;<\/p>\n","protected":false},"author":1,"featured_media":0,"parent":0,"menu_order":0,"comment_status":"closed","ping_status":"closed","template":"","meta":{"footnotes":""},"class_list":["post-767","page","type-page","status-publish","hentry"],"_links":{"self":[{"href":"https:\/\/vkdszsz.hu\/index.php?rest_route=\/wp\/v2\/pages\/767","targetHints":{"allow":["GET"]}}],"collection":[{"href":"https:\/\/vkdszsz.hu\/index.php?rest_route=\/wp\/v2\/pages"}],"about":[{"href":"https:\/\/vkdszsz.hu\/index.php?rest_route=\/wp\/v2\/types\/page"}],"author":[{"embeddable":true,"href":"https:\/\/vkdszsz.hu\/index.php?rest_route=\/wp\/v2\/users\/1"}],"replies":[{"embeddable":true,"href":"https:\/\/vkdszsz.hu\/index.php?rest_route=%2Fwp%2Fv2%2Fcomments&post=767"}],"version-history":[{"count":1,"href":"https:\/\/vkdszsz.hu\/index.php?rest_route=\/wp\/v2\/pages\/767\/revisions"}],"predecessor-version":[{"id":768,"href":"https:\/\/vkdszsz.hu\/index.php?rest_route=\/wp\/v2\/pages\/767\/revisions\/768"}],"wp:attachment":[{"href":"https:\/\/vkdszsz.hu\/index.php?rest_route=%2Fwp%2Fv2%2Fmedia&parent=767"}],"curies":[{"name":"wp","href":"https:\/\/api.w.org\/{rel}","templated":true}]}}