{"id":8,"date":"2018-06-11T11:05:03","date_gmt":"2018-06-11T11:05:03","guid":{"rendered":"http:\/\/vkdszsz.hu\/?page_id=8"},"modified":"2018-06-11T11:05:03","modified_gmt":"2018-06-11T11:05:03","slug":"kezdolap","status":"publish","type":"page","link":"https:\/\/vkdszsz.hu\/?page_id=8","title":{"rendered":"Kezd\u0151lap"},"content":{"rendered":"<p>\u00dcdv\u00f6zlet Emberke! Ez az a kezd\u0151oldal, amellyel &#8211; \u00e1ltal\u00e1ban &#8211; a honlapot felkeres\u0151 l\u00e1togat\u00f3k legels\u0151k\u00e9nt tal\u00e1lkoznak.<\/p>\n","protected":false},"excerpt":{"rendered":"<p>\u00dcdv\u00f6zlet Emberke! Ez az a kezd\u0151oldal, amellyel &#8211; \u00e1ltal\u00e1ban &#8211; a honlapot felkeres\u0151 l\u00e1togat\u00f3k legels\u0151k\u00e9nt tal\u00e1lkoznak.<\/p>\n","protected":false},"author":1,"featured_media":0,"parent":0,"menu_order":0,"comment_status":"closed","ping_status":"closed","template":"","meta":{"footnotes":""},"class_list":["post-8","page","type-page","status-publish","hentry"],"_links":{"self":[{"href":"https:\/\/vkdszsz.hu\/index.php?rest_route=\/wp\/v2\/pages\/8","targetHints":{"allow":["GET"]}}],"collection":[{"href":"https:\/\/vkdszsz.hu\/index.php?rest_route=\/wp\/v2\/pages"}],"about":[{"href":"https:\/\/vkdszsz.hu\/index.php?rest_route=\/wp\/v2\/types\/page"}],"author":[{"embeddable":true,"href":"https:\/\/vkdszsz.hu\/index.php?rest_route=\/wp\/v2\/users\/1"}],"replies":[{"embeddable":true,"href":"https:\/\/vkdszsz.hu\/index.php?rest_route=%2Fwp%2Fv2%2Fcomments&post=8"}],"version-history":[{"count":1,"href":"https:\/\/vkdszsz.hu\/index.php?rest_route=\/wp\/v2\/pages\/8\/revisions"}],"predecessor-version":[{"id":15,"href":"https:\/\/vkdszsz.hu\/index.php?rest_route=\/wp\/v2\/pages\/8\/revisions\/15"}],"wp:attachment":[{"href":"https:\/\/vkdszsz.hu\/index.php?rest_route=%2Fwp%2Fv2%2Fmedia&parent=8"}],"curies":[{"name":"wp","href":"https:\/\/api.w.org\/{rel}","templated":true}]}}