{"id":819,"date":"2018-06-18T08:32:40","date_gmt":"2018-06-18T08:32:40","guid":{"rendered":"http:\/\/vkdszsz.hu\/?page_id=819"},"modified":"2018-06-18T08:32:40","modified_gmt":"2018-06-18T08:32:40","slug":"a-2013-es-2014-evi-munkaszuneti-napok-koruli-naptar-szerinti-munkarendtol-valo-elteresek","status":"publish","type":"page","link":"https:\/\/vkdszsz.hu\/?page_id=819","title":{"rendered":"A 2013. \u00e9s 2014. \u00e9vi munkasz\u00fcneti napok k\u00f6r\u00fcli napt\u00e1r szerinti munkarendt\u0151l val\u00f3 elt\u00e9r\u00e9sek"},"content":{"rendered":"<p>Nem terjed ki a megszak\u00edt\u00e1s n\u00e9lk\u00fcl \u00fczemel\u0151 \u00e9s a rendeltet\u00e9se folyt\u00e1n a munkasz\u00fcneti napokon is m\u0171k\u00f6d\u0151 munk\u00e1ltat\u00f3n\u00e1l, illetve az ilyen jelleg\u0171 munkak\u00f6rben foglalkoztatott munkav\u00e1llal\u00f3k munkarendj\u00e9re.\u00a0Az \u00e1ltal\u00e1nost\u00f3l elt\u00e9r\u0151 munkaid\u0151-beoszt\u00e1sban foglalkoztatott munkav\u00e1llal\u00f3k munkarendje \u2013 a munka t\u00f6rv\u00e9nyk\u00f6nyv\u00e9r\u0151l sz\u00f3l\u00f3 2012. \u00e9vi I. t\u00f6rv\u00e9ny 96. \u00a7 (1) bekezd\u00e9se alapj\u00e1n \u2013 az al\u00e1bbiakt\u00f3l elt\u00e9r\u0151en is meghat\u00e1rozhat\u00f3.<\/p>\n<ul>\n<li>2014. december 13., szombat munkanap december 24., szerda pihen\u0151nap<\/li>\n<li>2014. okt\u00f3ber 18., szombat munkanap okt\u00f3ber 24., p\u00e9ntek pihen\u0151nap<\/li>\n<li>2014 m\u00e1jus 10., szombat munkanap \u00a0m\u00e1jus 2., p\u00e9ntek pihen\u0151nap<\/li>\n<li>2013. december 21., szombat munkanap december 27., p\u00e9ntek pihen\u0151nap<\/li>\n<li>2013. december 7., szombat munkanap december 24., kedd pihen\u0151nap<\/li>\n<\/ul>\n","protected":false},"excerpt":{"rendered":"<p>Nem terjed ki a megszak\u00edt\u00e1s n\u00e9lk\u00fcl \u00fczemel\u0151 \u00e9s a rendeltet\u00e9se folyt\u00e1n a munkasz\u00fcneti napokon is m\u0171k\u00f6d\u0151 munk\u00e1ltat\u00f3n\u00e1l, illetve az ilyen jelleg\u0171 munkak\u00f6rben foglalkoztatott munkav\u00e1llal\u00f3k munkarendj\u00e9re.\u00a0Az \u00e1ltal\u00e1nost\u00f3l elt\u00e9r\u0151 munkaid\u0151-beoszt\u00e1sban foglalkoztatott munkav\u00e1llal\u00f3k munkarendje \u2013 a munka t\u00f6rv\u00e9nyk\u00f6nyv\u00e9r\u0151l sz\u00f3l\u00f3 2012. \u00e9vi I. t\u00f6rv\u00e9ny 96. \u00a7 (1) bekezd\u00e9se alapj\u00e1n \u2013 az al\u00e1bbiakt\u00f3l elt\u00e9r\u0151en is meghat\u00e1rozhat\u00f3. 2014. december 13., szombat&#8230;<\/p>\n","protected":false},"author":1,"featured_media":0,"parent":0,"menu_order":0,"comment_status":"closed","ping_status":"closed","template":"","meta":{"footnotes":""},"class_list":["post-819","page","type-page","status-publish","hentry"],"_links":{"self":[{"href":"https:\/\/vkdszsz.hu\/index.php?rest_route=\/wp\/v2\/pages\/819","targetHints":{"allow":["GET"]}}],"collection":[{"href":"https:\/\/vkdszsz.hu\/index.php?rest_route=\/wp\/v2\/pages"}],"about":[{"href":"https:\/\/vkdszsz.hu\/index.php?rest_route=\/wp\/v2\/types\/page"}],"author":[{"embeddable":true,"href":"https:\/\/vkdszsz.hu\/index.php?rest_route=\/wp\/v2\/users\/1"}],"replies":[{"embeddable":true,"href":"https:\/\/vkdszsz.hu\/index.php?rest_route=%2Fwp%2Fv2%2Fcomments&post=819"}],"version-history":[{"count":1,"href":"https:\/\/vkdszsz.hu\/index.php?rest_route=\/wp\/v2\/pages\/819\/revisions"}],"predecessor-version":[{"id":820,"href":"https:\/\/vkdszsz.hu\/index.php?rest_route=\/wp\/v2\/pages\/819\/revisions\/820"}],"wp:attachment":[{"href":"https:\/\/vkdszsz.hu\/index.php?rest_route=%2Fwp%2Fv2%2Fmedia&parent=819"}],"curies":[{"name":"wp","href":"https:\/\/api.w.org\/{rel}","templated":true}]}}