{"id":845,"date":"2018-07-09T00:00:15","date_gmt":"2018-07-09T00:00:15","guid":{"rendered":"http:\/\/vkdszsz.hu\/?page_id=845"},"modified":"2018-07-09T09:16:32","modified_gmt":"2018-07-09T09:16:32","slug":"udultetes","status":"publish","type":"page","link":"https:\/\/vkdszsz.hu\/?page_id=845","title":{"rendered":"\u00dcd\u00fcltet\u00e9s"},"content":{"rendered":"\n<p>A VKDSZ Hajd\u00faszoboszl\u00f3i \u00e9s B\u00fckksz\u00e9ki \u00fcd\u00fcl\u0151j\u00e9t \u00e9rt\u00e9kes\u00edtette, mivel a tags\u00e1g \u00e9rdekl\u0151d\u00e9se kisebb volt, minthogy azokat komolyabb r\u00e1fizet\u00e9s n\u00e9lk\u00fcl lehetett volna \u00fczemeltetni.<br \/>\nA Balatonszepezden l\u00e9v\u0151 ingatlan &#8211; mely t\u00f6bb, k\u00f6z\u00fck m\u00e1r nem l\u00e9tez\u0151 szakszervezet tulajdon\u00e1ban van- tulajdonviszonyai rendez\u00e9se \u00e9rdek\u00e9ben egy \u00fcgyv\u00e9di irod\u00e1t b\u00edzott meg a VKDSZ. A tulajdonviszonyok rendez\u00e9se ut\u00e1n d\u00f6nthet\u0151 el, hogy milyen m\u00f3don lehet a tov\u00e1bbiakban hasznos\u00edtani.<br \/>\nAz \u00fcd\u00fcl\u0151elad\u00e1sok bev\u00e9teleib\u0151l \u00faj \u00fcd\u00fcl\u0151 v\u00e1s\u00e1rl\u00e1s\u00e1r\u00f3l hat\u00e1rozott a VKDSZ, a lehet\u0151s\u00e9gek vizsg\u00e1lata \u00e9s \u00e9rt\u00e9kel\u00e9se folyamatban van. M\u00e9g az idei \u00e9vben lehet\u0151s\u00e9get k\u00edv\u00e1nunk teremteni a tags\u00e1gnak egy sz\u00ednvonalas, megfizethet\u0151 ingatlanon t\u00f6rt\u00e9n\u0151 pihen\u00e9sre, kikapcsol\u00f3d\u00e1sra.<\/p>\n","protected":false},"excerpt":{"rendered":"<p>A VKDSZ Hajd\u00faszoboszl\u00f3i \u00e9s B\u00fckksz\u00e9ki \u00fcd\u00fcl\u0151j\u00e9t \u00e9rt\u00e9kes\u00edtette, mivel a tags\u00e1g \u00e9rdekl\u0151d\u00e9se kisebb volt, minthogy azokat komolyabb r\u00e1fizet\u00e9s n\u00e9lk\u00fcl lehetett volna \u00fczemeltetni. A Balatonszepezden l\u00e9v\u0151 ingatlan &#8211; mely t\u00f6bb, k\u00f6z\u00fck m\u00e1r nem l\u00e9tez\u0151 szakszervezet tulajdon\u00e1ban van- tulajdonviszonyai rendez\u00e9se \u00e9rdek\u00e9ben egy \u00fcgyv\u00e9di irod\u00e1t b\u00edzott meg a VKDSZ. A tulajdonviszonyok rendez\u00e9se ut\u00e1n d\u00f6nthet\u0151 el, hogy milyen m\u00f3don lehet&#8230;<\/p>\n","protected":false},"author":1,"featured_media":0,"parent":0,"menu_order":0,"comment_status":"closed","ping_status":"closed","template":"","meta":{"footnotes":""},"class_list":["post-845","page","type-page","status-publish","hentry"],"_links":{"self":[{"href":"https:\/\/vkdszsz.hu\/index.php?rest_route=\/wp\/v2\/pages\/845","targetHints":{"allow":["GET"]}}],"collection":[{"href":"https:\/\/vkdszsz.hu\/index.php?rest_route=\/wp\/v2\/pages"}],"about":[{"href":"https:\/\/vkdszsz.hu\/index.php?rest_route=\/wp\/v2\/types\/page"}],"author":[{"embeddable":true,"href":"https:\/\/vkdszsz.hu\/index.php?rest_route=\/wp\/v2\/users\/1"}],"replies":[{"embeddable":true,"href":"https:\/\/vkdszsz.hu\/index.php?rest_route=%2Fwp%2Fv2%2Fcomments&post=845"}],"version-history":[{"count":17,"href":"https:\/\/vkdszsz.hu\/index.php?rest_route=\/wp\/v2\/pages\/845\/revisions"}],"predecessor-version":[{"id":1263,"href":"https:\/\/vkdszsz.hu\/index.php?rest_route=\/wp\/v2\/pages\/845\/revisions\/1263"}],"wp:attachment":[{"href":"https:\/\/vkdszsz.hu\/index.php?rest_route=%2Fwp%2Fv2%2Fmedia&parent=845"}],"curies":[{"name":"wp","href":"https:\/\/api.w.org\/{rel}","templated":true}]}}