{"id":883,"date":"2018-06-18T11:11:52","date_gmt":"2018-06-18T11:11:52","guid":{"rendered":"http:\/\/vkdszsz.hu\/?page_id=883"},"modified":"2018-06-18T11:38:07","modified_gmt":"2018-06-18T11:38:07","slug":"tagkartya","status":"publish","type":"page","link":"https:\/\/vkdszsz.hu\/?page_id=883","title":{"rendered":"Tagk\u00e1rtya"},"content":{"rendered":"<p style=\"font-weight: 400;\"><strong>Kedves Koll\u00e9g\u00e1k!<\/strong><\/p>\n<p style=\"font-weight: 400;\">T\u00e1j\u00e9koztatlak benneteket, hogy az EDC tagk\u00e1rty\u00e1nk mellet most m\u00e1r lehet\u0151s\u00e9g\u00fcnk ny\u00edlt a MOL Green k\u00e1rtya k\u00e9sz\u00edt\u00e9s\u00e9re is.<\/p>\n<p style=\"font-weight: 400;\">A VKDSZ-nek aj\u00e1nlott MOL Green k\u00e1rtya az al\u00e1bbiakban k\u00fcl\u00f6nb\u00f6zik a sima, norm\u00e1l MOL Green k\u00e1rty\u00e1t\u00f3l:<\/p>\n<div class=\"class_table_borders\">\n<table style=\"border-collapse: collapse; width: 100%;\">\n<tbody>\n<tr>\n<td style=\"background-color: green; color: white;\" width=\"313\"><b>Norm\u00e1l MOL Green k\u00e1rtya<\/b><\/td>\n<td style=\"background-color: darkgreen; color: white;\" width=\"313\"><b>VKDSZ-nek aj\u00e1nlott MOL Green k\u00e1rtya<\/b><\/td>\n<\/tr>\n<tr>\n<td width=\"313\">Vev\u0151i tankol\u00e1si kedvezm\u00e9ny\u00a0<strong>5 Ft\/liter d\u00edzel \u00e9s benzin<\/strong>\u00a0\u00fczemanyagokra\u00a0<strong>kiv\u00e1lasztott 5 t\u00f6rzsk\u00faton<\/strong><\/td>\n<td width=\"313\">Vev\u0151i tankol\u00e1si kedvezm\u00e9ny\u00a0\u00a0<strong>minden t\u00edpus\u00fa \u00fczemanyagra (pr\u00e9mium term\u00e9kekre is) 7 Ft\/liter a MOL Green kutakon (kb. 350 k\u00fat)<\/strong><\/td>\n<\/tr>\n<tr>\n<td width=\"313\">Aut\u00f3p\u00e1ly\u00e1s \u00fczemanyagokra 15 Ft\/liter az \u00f6sszes aut\u00f3p\u00e1ly\u00e1s t\u00f6lt\u0151\u00e1llom\u00e1son<\/td>\n<td width=\"313\">Aut\u00f3p\u00e1ly\u00e1s \u00fczemanyagokra 15 Ft\/liter az \u00f6sszes aut\u00f3p\u00e1ly\u00e1s t\u00f6lt\u0151\u00e1llom\u00e1son<\/td>\n<\/tr>\n<tr>\n<td width=\"313\">&#8211;<\/td>\n<td width=\"313\"><strong>G\u00e9pi aut\u00f3mos\u00f3 program \u00e1raib\u00f3l 10 %\/mos\u00e1s kedvezm\u00e9ny<\/strong><\/td>\n<\/tr>\n<tr>\n<td width=\"313\">&#8211;<\/td>\n<td width=\"313\"><strong>MOL-LUB \u00e1ltal gy\u00e1rtott ken\u0151anyagok 10 %\/db<\/strong><\/td>\n<\/tr>\n<tr>\n<td width=\"313\">&#8211;<\/td>\n<td width=\"313\"><strong>MOL-LUB \u00e1ltal gy\u00e1rtott aut\u00f3kemik\u00e1li\u00e1k10 %\/db<\/strong><\/td>\n<\/tr>\n<tr>\n<td width=\"313\">K\u00e1rtyahaszn\u00e1lat, tranzakci\u00f3s \u00e9s \u00e9ves d\u00edj: D\u00edjmentes<\/td>\n<td width=\"313\">K\u00e1rtyahaszn\u00e1lat, tranzakci\u00f3s \u00e9s \u00e9ves d\u00edj: D\u00edjmentes<\/td>\n<\/tr>\n<\/tbody>\n<\/table>\n<\/div>\n<p style=\"font-weight: 400;\">Amennyiben \u00a0a szakszervezeti tagok vagytok \u00e9s szeretn\u00e9tek n\u00e9vre sz\u00f3l\u00f3 MOL Green k\u00e1rty\u00e1t, a mell\u00e9kelt \u0171rlapot t\u00f6lts\u00e9k ki \u00e9s a helyi szakszervezetetek l\u00e1ssa el igazol\u00e1s\u00e1val.<\/p>\n<p style=\"font-weight: 400;\">A kit\u00f6lt\u00f6tt adatlapokat a VKDSZ-hez kell eljuttatni VKDSZ 1146 Budapest Borosty\u00e1n u. 1\/b postac\u00edmre vagy a\u00a0<a href=\"mailto:horny.angela@vkdszsz.hu\">horny.angela@vkdszsz.hu<\/a>\u00a0e-mail c\u00edmre, amit mi eljuttatunk a MOL-hoz.<\/p>\n<p style=\"font-weight: 400;\">Green t\u00f6rzskutak azon magyarorsz\u00e1gi MOL-t\u00f6lt\u0151\u00e1llom\u00e1sok, ahol a Green K\u00e1rtya tulajdonosok az engedm\u00e9nyt \u00e9rv\u00e9nyes\u00edteni tudj\u00e1k. A mindenkor \u00e9rv\u00e9nyes Green t\u00f6rzsk\u00fat lista megtekinthet\u0151 a\u00a0<a href=\"https:\/\/www.mol.hu\/hu\/\">www.mol.hu<\/a>\u00a0weboldalon.<\/p>\n<p>&nbsp;<\/p>\n<p><a href=\"https:\/\/vkdszsz.hu\/wp-content\/uploads\/2018\/06\/mol_green_adatlap.pdf\">MOL Green k\u00e1rtyaig\u00e9nyl\u0151 \u0171rlap<\/a><\/p>\n<p style=\"font-weight: 400;\"><a href=\"https:\/\/vkdszsz.hu\/wp-content\/uploads\/2018\/06\/mol_green_tajekoztato.pdf\">MOL Green k\u00e1rtya t\u00e1j\u00e9koztat\u00f3<\/a><\/p>\n<p>&nbsp;<\/p>\n<p style=\"font-weight: 400;\"><strong>Kedves Szakt\u00e1rsak!<\/strong><\/p>\n<p>&nbsp;<\/p>\n<p align=\"justify\">Szakszervezeti sz\u00f6vets\u00e9g\u00fcnk V\u00e1lasztm\u00e1nya \u00fagy d\u00f6nt\u00f6tt, hogy 2007. janu\u00e1r 1-t\u0151l \u00faj tagk\u00e1rty\u00e1t vezetett be, mely a szakszervezeti tagok r\u00e9sz\u00e9re kioszt\u00e1sra ker\u00fclt.<\/p>\n<p align=\"justify\">A tagk\u00e1rty\u00e1t minden \u00e9vben egy \u00f6ntapad\u00f3s matric\u00e1val \u00e9rv\u00e9nyes\u00edteni kell.<\/p>\n<p align=\"justify\">A szakszervezeti tagk\u00e1rty\u00e1hoz kapcsol\u00f3dik a kereskedelmi kedvezm\u00e9nyeket tartalmaz\u00f3 EDC katal\u00f3gus is, mely tartalmazza az elfogad\u00f3 szervezetek list\u00e1j\u00e1t.<\/p>\n<p align=\"justify\">\n<div class=\"gdgallery-gallery-container\" id=\"gdgallery-container-8\" data-id=\"8\">\n    \n<div id=\"gdgallery_container_8\" style=\"display:none;\" data-view=\"carousel\">\n            <a href=\"\">\n            <img decoding=\"async\" alt=\"1_oldal_nagy\"\n                 data-type=\"image\"\n                 src=\"https:\/\/vkdszsz.hu\/wp-content\/uploads\/2018\/06\/1_oldal_nagy.jpg\"\n                 data-image=\"https:\/\/vkdszsz.hu\/wp-content\/uploads\/2018\/06\/1_oldal_nagy.jpg\"\n                 data-description=\"\"\n                                 style=\"display:block\">\n        <\/a>\n            <a href=\"\">\n            <img decoding=\"async\" alt=\"10_oldal_nagy\"\n                 data-type=\"image\"\n                 src=\"https:\/\/vkdszsz.hu\/wp-content\/uploads\/2018\/06\/10_oldal_nagy.jpg\"\n                 data-image=\"https:\/\/vkdszsz.hu\/wp-content\/uploads\/2018\/06\/10_oldal_nagy.jpg\"\n                 data-description=\"\"\n                                 style=\"display:block\">\n        <\/a>\n            <a href=\"\">\n            <img decoding=\"async\" alt=\"11_oldal_nagy\"\n                 data-type=\"image\"\n                 src=\"https:\/\/vkdszsz.hu\/wp-content\/uploads\/2018\/06\/11_oldal_nagy.jpg\"\n                 data-image=\"https:\/\/vkdszsz.hu\/wp-content\/uploads\/2018\/06\/11_oldal_nagy.jpg\"\n                 data-description=\"\"\n                                 style=\"display:block\">\n        <\/a>\n            <a href=\"\">\n            <img decoding=\"async\" alt=\"2_oldal_nagy\"\n                 data-type=\"image\"\n                 src=\"https:\/\/vkdszsz.hu\/wp-content\/uploads\/2018\/06\/2_oldal_nagy.jpg\"\n                 data-image=\"https:\/\/vkdszsz.hu\/wp-content\/uploads\/2018\/06\/2_oldal_nagy.jpg\"\n                 data-description=\"\"\n                                 style=\"display:block\">\n        <\/a>\n            <a href=\"\">\n            <img decoding=\"async\" alt=\"9_oldal_nagy\"\n                 data-type=\"image\"\n                 src=\"https:\/\/vkdszsz.hu\/wp-content\/uploads\/2018\/06\/9_oldal_nagy.jpg\"\n                 data-image=\"https:\/\/vkdszsz.hu\/wp-content\/uploads\/2018\/06\/9_oldal_nagy.jpg\"\n                 data-description=\"\"\n                                 style=\"display:block\">\n        <\/a>\n            <a href=\"\">\n            <img decoding=\"async\" alt=\"8_oldal_nagy\"\n                 data-type=\"image\"\n                 src=\"https:\/\/vkdszsz.hu\/wp-content\/uploads\/2018\/06\/8_oldal_nagy.jpg\"\n                 data-image=\"https:\/\/vkdszsz.hu\/wp-content\/uploads\/2018\/06\/8_oldal_nagy.jpg\"\n                 data-description=\"\"\n                                 style=\"display:block\">\n        <\/a>\n            <a href=\"\">\n            <img decoding=\"async\" alt=\"7_oldal_nagy\"\n                 data-type=\"image\"\n                 src=\"https:\/\/vkdszsz.hu\/wp-content\/uploads\/2018\/06\/7_oldal_nagy.jpg\"\n                 data-image=\"https:\/\/vkdszsz.hu\/wp-content\/uploads\/2018\/06\/7_oldal_nagy.jpg\"\n                 data-description=\"\"\n                                 style=\"display:block\">\n        <\/a>\n            <a href=\"\">\n            <img decoding=\"async\" alt=\"6_oldal_nagy\"\n                 data-type=\"image\"\n                 src=\"https:\/\/vkdszsz.hu\/wp-content\/uploads\/2018\/06\/6_oldal_nagy.jpg\"\n                 data-image=\"https:\/\/vkdszsz.hu\/wp-content\/uploads\/2018\/06\/6_oldal_nagy.jpg\"\n                 data-description=\"\"\n                                 style=\"display:block\">\n        <\/a>\n            <a href=\"\">\n            <img decoding=\"async\" alt=\"5_oldal_nagy\"\n                 data-type=\"image\"\n                 src=\"https:\/\/vkdszsz.hu\/wp-content\/uploads\/2018\/06\/5_oldal_nagy.jpg\"\n                 data-image=\"https:\/\/vkdszsz.hu\/wp-content\/uploads\/2018\/06\/5_oldal_nagy.jpg\"\n                 data-description=\"\"\n                                 style=\"display:block\">\n        <\/a>\n            <a href=\"\">\n            <img decoding=\"async\" alt=\"4_oldal_nagy\"\n                 data-type=\"image\"\n                 src=\"https:\/\/vkdszsz.hu\/wp-content\/uploads\/2018\/06\/4_oldal_nagy.jpg\"\n                 data-image=\"https:\/\/vkdszsz.hu\/wp-content\/uploads\/2018\/06\/4_oldal_nagy.jpg\"\n                 data-description=\"\"\n                                 style=\"display:block\">\n        <\/a>\n            <a href=\"\">\n            <img decoding=\"async\" alt=\"3_oldal_nagy\"\n                 data-type=\"image\"\n                 src=\"https:\/\/vkdszsz.hu\/wp-content\/uploads\/2018\/06\/3_oldal_nagy.jpg\"\n                 data-image=\"https:\/\/vkdszsz.hu\/wp-content\/uploads\/2018\/06\/3_oldal_nagy.jpg\"\n                 data-description=\"\"\n                                 style=\"display:block\">\n        <\/a>\n    <\/div>\n\n<script type=\"text\/javascript\">\n\n    (function() {\n        var runMyCode = function() {\n            jQuery(document).ready(function () {\n                var container = jQuery(\"#gdgallery_container_8\");\n                container.unitegallery({\"gallery_theme\":\"carousel\",\"carousel_space_between_tiles\":10,\"tile_width\":200,\"tile_height\":\"200\",\"tile_enable_outline\":false,\"theme_carousel_align\":\"center\",\"carousel_navigation_numtiles\":1,\"carousel_scroll_duration\":500,\"carousel_autoplay\":true,\"carousel_autoplay_timeout\":\"3000\",\"carousel_autoplay_direction\":\"right\",\"carousel_autoplay_pause_onhover\":true,\"theme_enable_navigation\":true,\"theme_navigation_position\":\"bottom\",\"theme_navigation_align\":\"center\",\"theme_navigation_enable_play\":true,\"theme_space_between_arrows\":\"20\",\"tile_enable_textpanel\":true,\"tile_textpanel_always_on\":true,\"tile_textpanel_title_text_align\":\"center\",\"tile_textpanel_title_font_size\":\"16\",\"tile_textpanel_title_color\":\"#FFFFFF\",\"tile_textpanel_bg_color\":\"#333333\",\"tile_textpanel_bg_opacity\":0.7,\"tile_enable_border\":true,\"tile_border_width\":\"0\",\"tile_border_color\":\"#333333\",\"tile_border_radius\":\"0\",\"tile_enable_overlay\":true,\"tile_enable_image_effect\":true,\"tile_image_effect_type\":\"blur\",\"tile_image_effect_reverse\":true,\"tile_enable_shadow\":false,\"tile_as_link\":false,\"tile_enable_icons\":true,\"tile_show_link_icon\":true,\"tile_textpanel_appear_type\":\"slide\",\"tile_textpanel_position\":\"inside_bottom\",\"tile_link_newpage\":true,\"lightbox_type\":\"wide\",\"lightbox_arrows_offset\":0,\"lightbox_overlay_color\":\"#000000\",\"lightbox_overlay_opacity\":1,\"lightbox_top_panel_opacity\":1,\"lightbox_show_numbers\":true,\"lightbox_numbers_size\":\"15\",\"lightbox_numbers_color\":\"#FFFFFF\",\"lightbox_slider_image_border_width\":\"0\",\"lightbox_slider_image_border_color\":\"#FFFFFF\",\"lightbox_slider_image_border_radius\":0,\"lightbox_slider_image_shadow\":true,\"lightbox_slider_control_swipe\":true,\"lightbox_slider_control_zoom\":true,\"lightbox_slider_image_border\":true,\"lightbox_show_textpanel\":true,\"lightbox_textpanel_enable_title\":true,\"lightbox_textpanel_enable_description\":false,\"lightbox_textpanel_padding_top\":5,\"lightbox_textpanel_padding_bottom\":5,\"lightbox_textpanel_padding_right\":5,\"lightbox_textpanel_padding_left\":5,\"lightbox_textpanel_title_color\":\"#FFFFFF\",\"lightbox_textpanel_title_text_align\":\"center\",\"lightbox_textpanel_title_font_size\":\"16\",\"lightbox_textpanel_desc_color\":\"#FFFFFF\",\"lightbox_textpanel_desc_text_align\":\"center\",\"lightbox_textpanel_desc_font_size\":\"14\"});\n            });\n        };\n        var timer = function() {\n            if (window.jQuery) {runMyCode(window.jQuery);}\n            else {window.setTimeout(timer, 100);}\n        };\n        timer();\n    })();\n\n\n<\/script><style>\n#gdgallery-container-8 a.ug-thumb-wrapper{\n    box-shadow: none !important;\n}\n\n.ug-lightbox .ug-lightbox-top-panel-overlay{\n    background-color: #000000 !important;\n}\n\n#gdgallery_container_8{}<\/style>\n<\/div>\n\n\n\n\n\n<\/p>\n<p><a href=\"http:\/\/www.edc.hu\"><img loading=\"lazy\" decoding=\"async\" class=\"alignleft wp-image-916 size-full\" src=\"https:\/\/vkdszsz.hu\/wp-content\/uploads\/2018\/06\/EDC_logo.gif\" alt=\"\" width=\"100\" height=\"100\" \/><\/a><\/p>\n<p>Az EDC, Magyarorsz\u00e1g legdinamikusabban fejl\u0151d\u0151 kombin\u00e1lt t\u00f6rzsv\u00e1s\u00e1rl\u00f3i rendszere, mely 3-50% (\u00e1tlagosan 11,4%) kedvezm\u00e9nyt biztos\u00edt az \u00e9let minden ter\u00fclet\u00e9n mindazoknak, akik rendelkeznek olyan \u00e9rv\u00e9nyes &#8211; vonalk\u00f3dot is tartalmaz\u00f3 &#8211; k\u00e1rty\u00e1val, melyen szerepel az EDC log\u00f3ja.<\/p>\n<p>&nbsp;<\/p>\n<p>EDC:\u00a0<a href=\"http:\/\/www.edc.hu\/\" target=\"_blank\" rel=\"noopener\">http:\/\/www.edc.hu<\/a><\/p>\n","protected":false},"excerpt":{"rendered":"<p>Kedves Koll\u00e9g\u00e1k! T\u00e1j\u00e9koztatlak benneteket, hogy az EDC tagk\u00e1rty\u00e1nk mellet most m\u00e1r lehet\u0151s\u00e9g\u00fcnk ny\u00edlt a MOL Green k\u00e1rtya k\u00e9sz\u00edt\u00e9s\u00e9re is. A VKDSZ-nek aj\u00e1nlott MOL Green k\u00e1rtya az al\u00e1bbiakban k\u00fcl\u00f6nb\u00f6zik a sima, norm\u00e1l MOL Green k\u00e1rty\u00e1t\u00f3l: Norm\u00e1l MOL Green k\u00e1rtya VKDSZ-nek aj\u00e1nlott MOL Green k\u00e1rtya Vev\u0151i tankol\u00e1si kedvezm\u00e9ny\u00a05 Ft\/liter d\u00edzel \u00e9s benzin\u00a0\u00fczemanyagokra\u00a0kiv\u00e1lasztott 5 t\u00f6rzsk\u00faton Vev\u0151i tankol\u00e1si kedvezm\u00e9ny\u00a0\u00a0minden&#8230;<\/p>\n","protected":false},"author":1,"featured_media":0,"parent":0,"menu_order":0,"comment_status":"closed","ping_status":"closed","template":"","meta":{"footnotes":""},"class_list":["post-883","page","type-page","status-publish","hentry"],"_links":{"self":[{"href":"https:\/\/vkdszsz.hu\/index.php?rest_route=\/wp\/v2\/pages\/883","targetHints":{"allow":["GET"]}}],"collection":[{"href":"https:\/\/vkdszsz.hu\/index.php?rest_route=\/wp\/v2\/pages"}],"about":[{"href":"https:\/\/vkdszsz.hu\/index.php?rest_route=\/wp\/v2\/types\/page"}],"author":[{"embeddable":true,"href":"https:\/\/vkdszsz.hu\/index.php?rest_route=\/wp\/v2\/users\/1"}],"replies":[{"embeddable":true,"href":"https:\/\/vkdszsz.hu\/index.php?rest_route=%2Fwp%2Fv2%2Fcomments&post=883"}],"version-history":[{"count":14,"href":"https:\/\/vkdszsz.hu\/index.php?rest_route=\/wp\/v2\/pages\/883\/revisions"}],"predecessor-version":[{"id":919,"href":"https:\/\/vkdszsz.hu\/index.php?rest_route=\/wp\/v2\/pages\/883\/revisions\/919"}],"wp:attachment":[{"href":"https:\/\/vkdszsz.hu\/index.php?rest_route=%2Fwp%2Fv2%2Fmedia&parent=883"}],"curies":[{"name":"wp","href":"https:\/\/api.w.org\/{rel}","templated":true}]}}